{"id":84238,"date":"2021-11-08T13:41:56","date_gmt":"2021-11-08T13:41:56","guid":{"rendered":"https:\/\/infinity-mannheim.de\/?page_id=84238"},"modified":"2025-04-29T08:20:34","modified_gmt":"2025-04-29T08:20:34","slug":"capsule-wardrobe","status":"publish","type":"page","link":"https:\/\/infinity-mannheim.de\/en\/capsule-wardrobe\/","title":{"rendered":"Capsule Wardrobe"},"content":{"rendered":"<div class=\"wpb-content-wrapper\"><div data-parent=\"true\" class=\"vc_row row-container\" id=\"row-unique-0\"><div class=\"row limit-width row-parent\"><div class=\"wpb_row row-inner\"><div class=\"wpb_column pos-top pos-center align_center column_parent col-lg-12 single-internal-gutter\"><div class=\"uncol style-light\"  ><div class=\"uncoltable\"><div class=\"uncell no-block-padding\" ><div class=\"uncont\" ><div class=\"vc_custom_heading_wrap\"><div class=\"heading-text el-text\" ><h2 class=\"h2\" ><span>Was ist eine Capsule Wardrobe, Was steckt hinter der Idee?<\/span><\/h2><\/div><div class=\"clear\"><\/div><\/div><div class=\"uncode_text_column\" ><p>Eine Capsule Wardrobe ist ein minimalistisches Kleiderschrank-Konzept. Oft handelt es sich bei den einzelnen Kleidungsst\u00fccken um zeitlose Klassiker, die gut kombinierbar und nicht an Trends orientiert sind. So wird es m\u00f6glich, mit einer kleinen aber durchdachten Auswahl an Kleidungsst\u00fccken eine Vielzahl verschiedener Outfits zusammenzustellen. Mit einem starken Bewusstsein f\u00fcr den eigenen Kleiderschrank und dem Fokus auf Langlebigkeit geht die Capsule Wardrobe Hand in Hand mit dem Prinzip der Slow Fashion.<br \/>\nAuf dieser Seite findest du einen kompletten Guide, warum eine Capsule Wardrobe sinnvoll ist, und wie du deine eigene Capsule Wardrobe ganz einfach aufbauen kannst!<\/p>\n<\/div><div class=\"uncode-single-media  text-left\"><div class=\"single-wrapper\" style=\"max-width: 100%;\"><div class=\"tmb tmb-light  tmb-media-first tmb-media-last tmb-content-overlay tmb-no-bg\"><div class=\"t-inside\"><div class=\"t-entry-visual\"><div class=\"t-entry-visual-tc\"><div class=\"uncode-single-media-wrapper\"><img decoding=\"async\" class=\"wp-image-84241\" src=\"https:\/\/infinity-mannheim.de\/wp-content\/uploads\/2021\/11\/Capsule_Wardrobe_1-scaled.jpg\" width=\"2560\" height=\"1707\" alt=\"\" srcset=\"https:\/\/infinity-mannheim.de\/wp-content\/uploads\/2021\/11\/Capsule_Wardrobe_1-scaled.jpg 2560w, https:\/\/infinity-mannheim.de\/wp-content\/uploads\/2021\/11\/Capsule_Wardrobe_1-scaled-600x400.jpg 600w, https:\/\/infinity-mannheim.de\/wp-content\/uploads\/2021\/11\/Capsule_Wardrobe_1-300x200.jpg 300w, https:\/\/infinity-mannheim.de\/wp-content\/uploads\/2021\/11\/Capsule_Wardrobe_1-1024x683.jpg 1024w, https:\/\/infinity-mannheim.de\/wp-content\/uploads\/2021\/11\/Capsule_Wardrobe_1-768x512.jpg 768w, https:\/\/infinity-mannheim.de\/wp-content\/uploads\/2021\/11\/Capsule_Wardrobe_1-1536x1024.jpg 1536w, https:\/\/infinity-mannheim.de\/wp-content\/uploads\/2021\/11\/Capsule_Wardrobe_1-2048x1365.jpg 2048w\" sizes=\"(max-width: 2560px) 100vw, 2560px\" \/><\/div>\n\t\t\t\t\t<\/div>\n\t\t\t\t<\/div><\/div><\/div><\/div><\/div><div class=\"uncode_text_column\" ><\/p>\n<h3 style=\"text-align: left\">1. Schau, was du schon hast<\/h3>\n<p style=\"text-align: left\">Bevor du deine eigene Capsule Wardrobe aufbaust, solltest du zun\u00e4chst einmal eine Bestandsaufnahme deines jetzigen Kleiderschranks machen. Geh daf\u00fcr alle Kleidungsst\u00fccke durch und bewerte, welche St\u00fccke du regelm\u00e4\u00dfig tr\u00e4gst und welche du nur selten anfasst. Frage dich bei jedem Kleidungsst\u00fcck: Wann habe ich es das letzte Mal getragen? F\u00fchle ich mich darin wohl?<\/p>\n<p style=\"text-align: left\">Das wird dir helfen zu verstehen, was dein Stil ist, welche Farben du am liebsten tr\u00e4gst, welche Schnitte dir stehen und welche Materialien du bevorzugst.<\/p>\n<h3 style=\"text-align: left\">2. Sortiere aus<\/h3>\n<p style=\"text-align: left\">Nachdem du deine Lieblingsst\u00fccke ausgew\u00e4hlt hast, ist es nun an der Zeit, diejenigen Kleidungsst\u00fccke auszusortieren, die du schon lange nicht getragen hast. Doch wohin damit?<\/p>\n<p style=\"text-align: left\">Auf online Portalen wie Vinted oder Ebay-Kleinanzeigen kannst du deine gebrauchte Kleidung schnell und unkompliziert an andere NutzerInnen verkaufen. Das ist au\u00dferdem der perfekte Weg, um dir noch ein bisschen was dazuzuverdienen.<\/p>\n<p style=\"text-align: left\">Wenn dir das Hochladen auf Vinted und Co zu aufwendig ist, dann suche doch nach lokalen Spendenm\u00f6glichkeiten f\u00fcr Bed\u00fcrftige. In jeder Stadt werden Kleiderspenden ben\u00f6tigt und so kannst du jemandem eine echte Freude machen.<\/p>\n<p style=\"text-align: left\">Du bist dir bei dem ein oder anderen Kleidungsst\u00fcck noch nicht ganz sicher? Kein Problem! Verstaue die jeweiligen St\u00fccke in einer separaten Kiste unter deinem Bett, auf dem Dachboden oder im Keller. Wenn du sie nach 3 Monaten noch nicht vermisst hast, kannst du sie guten Gewissens loslassen.<\/p>\n<p>\n<\/div><div class=\"uncode-single-media  text-left\"><div class=\"single-wrapper\" style=\"max-width: 100%;\"><a class=\"single-media-link\" href=\"https:\/\/fashionunited.de\/nachrichten\/einzelhandel\/secondhand-marktplatz-vinted-expandiert-nach-kanada\/2021060241224\" target=\"_blank\" title=\"Quelle\"><div class=\"tmb tmb-light  tmb-media-first tmb-media-last tmb-content-overlay tmb-no-bg\"><div class=\"t-inside\"><div class=\"t-entry-visual\"><div class=\"t-entry-visual-tc\"><div class=\"uncode-single-media-wrapper\"><img decoding=\"async\" class=\"wp-image-84243\" src=\"https:\/\/infinity-mannheim.de\/wp-content\/uploads\/2021\/11\/Capsule_Wardrobe_3.png\" width=\"480\" height=\"320\" alt=\"\" srcset=\"https:\/\/infinity-mannheim.de\/wp-content\/uploads\/2021\/11\/Capsule_Wardrobe_3.png 480w, https:\/\/infinity-mannheim.de\/wp-content\/uploads\/2021\/11\/Capsule_Wardrobe_3-300x200.png 300w\" sizes=\"(max-width: 480px) 100vw, 480px\" \/><\/div>\n\t\t\t\t\t<\/div>\n\t\t\t\t<\/div><\/div><\/div><\/a><\/div><\/div><div class=\"uncode_text_column\" ><\/p>\n<h3 style=\"text-align: left\">3. Suche dir Inspiration<\/h3>\n<p style=\"text-align: left\">Wenn du noch nicht ganz sicher bist, was du in deine Capsule Wardrobe mit aufnehmen m\u00f6chtest, dann lasse dich zum Beispiel auf Pinterest inspirieren. Vielleicht hast du sogar bereits eine Pinnwand mit Outfits oder du kennst jemanden, dessen Stil du bewunderst. \u00dcberlege, was diese Outfits gemeinsam haben. Welche St\u00fccke kommen besonders oft vor?<\/p>\n<p style=\"text-align: left\">\u00dcberlege dabei auch, welche Kleidung zu deinem Lebensstil passt. Bist du sehr aktiv und legst Wert auf gem\u00fctliche Kleidung? Kleidest du dich gerne elegant und schick? Je nachdem, wie deine Antworten ausfallen, kann und sollte deine Capsule Wardrobe vollkommen individuell aussehen.<\/p>\n<h3 style=\"text-align: left\">4. Baue deine Capsule Wardrobe auf<\/h3>\n<p style=\"text-align: left\">Nun kannst du beginnen, deine Capsule Wardrobe aufzubauen. Je minimalistischer desto besser. Schaue was in deinem Kleiderschrank noch fehlt und welche wichtigen Basisst\u00fccke auf keinen Fall fehlen d\u00fcrfen. Achte bei einem Neukauf auf die Qualit\u00e4t. Slow Fashion ist hierf\u00fcr am besten geeignet. Die Kleidungsst\u00fccke bestehen aus umweltfreundlichen Materialien und hochwertiger Qualit\u00e4t. Durch die Langlebigkeit der St\u00fccke lohnt es sich auch etwas mehr daf\u00fcr zu investieren.<\/p>\n<p style=\"text-align: left\">Als Alternative dazu gibt es auch zahlreiche M\u00f6glichkeiten gebrauchte Kleidung zu kaufen. Du kannst zum Beispiel bequem online auf Vinted oder Ebay-Kleinanzeigen nach neuen Kleidungsst\u00fccken st\u00f6bern oder auch lokal bei Second Hand Shops in deiner Umgebung schauen.<\/p>\n<p style=\"text-align: left\">Vermeide es, dem neuesten Trend zu folgen und w\u00e4hle zeitlose St\u00fccke. So kannst du sie m\u00f6glichst lange anziehen. Suche au\u00dferdem Kleidungsst\u00fccke aus, die sich gut mit deinen Basisteilen, welche sich bereits in deinem Kleiderschrank befinden, kombinieren lassen. Es sollte m\u00f6glichst jedes Oberteil zu jeder Hose oder Rock passen. Achte auf Farbe, Muster und Schnitte.<\/p>\n<p>\n<\/div><\/div><\/div><\/div><\/div><\/div><script id=\"script-row-unique-0\" data-row=\"script-row-unique-0\" type=\"text\/javascript\" class=\"vc_controls\">UNCODE.initRow(document.getElementById(\"row-unique-0\"));<\/script><\/div><\/div><\/div><div data-parent=\"true\" class=\"vc_row row-container\" id=\"row-unique-1\"><div class=\"row limit-width row-parent\"><div class=\"wpb_row row-inner\"><div class=\"wpb_column pos-top pos-center align_left column_parent col-lg-6 single-internal-gutter\"><div class=\"uncol style-light\"  ><div class=\"uncoltable\"><div class=\"uncell no-block-padding\" ><div class=\"uncont\" ><div class=\"uncode_text_column\" ><\/p>\n<h3>Die Vorteile einer Capsule Wardrobe<\/h3>\n<p>Eine Capsule Wardrobe hat viele Vorteile f\u00fcr dich und die Umwelt. Dadurch, dass du jedes Kleidungsst\u00fcck gut miteinander kombinieren kannst, f\u00e4llt die Outfitwahl deutlich leichter. Du sparst somit Energie und viel Zeit. Du bekommst einen guten \u00dcberblick \u00fcber deinen geordneten Kleiderschrank und vermeidest Fehlk\u00e4ufe. Somit sparst du langfristig nebenbei viel Geld. Indem du durch deinen bewussteren Konsum weniger kaufst und dich auf faire oder gebrauchte Kleidungsst\u00fccke fokussierst, entlastest du au\u00dferdem die Umwelt und sparst Ressourcen. Also worauf wartest du!<\/p>\n<\/div><\/div><\/div><\/div><\/div><\/div><div class=\"wpb_column pos-top pos-center align_left column_parent col-lg-6 single-internal-gutter\"><div class=\"uncol style-light\"  ><div class=\"uncoltable\"><div class=\"uncell no-block-padding\" ><div class=\"uncont\" ><div class=\"uncode-single-media  text-left\"><div class=\"single-wrapper\" style=\"max-width: 100%;\"><div class=\"tmb tmb-light  tmb-media-first tmb-media-last tmb-content-overlay tmb-no-bg\"><div class=\"t-inside\"><div class=\"t-entry-visual\"><div class=\"t-entry-visual-tc\"><div class=\"uncode-single-media-wrapper\"><img decoding=\"async\" class=\"wp-image-84242\" src=\"https:\/\/infinity-mannheim.de\/wp-content\/uploads\/2021\/11\/Capsule_Wardrobe_2-scaled.jpg\" width=\"1709\" height=\"2560\" alt=\"\" srcset=\"https:\/\/infinity-mannheim.de\/wp-content\/uploads\/2021\/11\/Capsule_Wardrobe_2-scaled.jpg 1709w, https:\/\/infinity-mannheim.de\/wp-content\/uploads\/2021\/11\/Capsule_Wardrobe_2-scaled-600x899.jpg 600w, https:\/\/infinity-mannheim.de\/wp-content\/uploads\/2021\/11\/Capsule_Wardrobe_2-200x300.jpg 200w, https:\/\/infinity-mannheim.de\/wp-content\/uploads\/2021\/11\/Capsule_Wardrobe_2-684x1024.jpg 684w, https:\/\/infinity-mannheim.de\/wp-content\/uploads\/2021\/11\/Capsule_Wardrobe_2-768x1151.jpg 768w, https:\/\/infinity-mannheim.de\/wp-content\/uploads\/2021\/11\/Capsule_Wardrobe_2-1025x1536.jpg 1025w, https:\/\/infinity-mannheim.de\/wp-content\/uploads\/2021\/11\/Capsule_Wardrobe_2-1367x2048.jpg 1367w\" sizes=\"(max-width: 1709px) 100vw, 1709px\" \/><\/div>\n\t\t\t\t\t<\/div>\n\t\t\t\t<\/div><\/div><\/div><\/div><\/div><\/div><\/div><\/div><\/div><\/div><script id=\"script-row-unique-1\" data-row=\"script-row-unique-1\" type=\"text\/javascript\" class=\"vc_controls\">UNCODE.initRow(document.getElementById(\"row-unique-1\"));<\/script><\/div><\/div><\/div>\n<\/div>","protected":false},"excerpt":{"rendered":"Was ist eine Capsule Wardrobe, Was steckt hinter der Idee?Eine Capsule Wardrobe ist ein minimalistisches Kleiderschrank-Konzept. Oft handelt es sich [...]","protected":false},"author":2,"featured_media":84246,"parent":0,"menu_order":0,"comment_status":"closed","ping_status":"closed","template":"","meta":{"footnotes":""},"class_list":["post-84238","page","type-page","status-publish","has-post-thumbnail","hentry"],"yoast_head":"<!-- This site is optimized with the Yoast SEO plugin v27.4 - https:\/\/yoast.com\/product\/yoast-seo-wordpress\/ -->\n<title>Capsule Wardrobe - INFINITY Mannheim<\/title>\n<meta name=\"description\" content=\"Entdecke die Vorteile einer Capsule Wardrobe! Ein minimalistisches Kleiderschrank-Konzept mit zeitlosen Klassikern. INFINITY Mannheim erkl\u00e4rt\" \/>\n<meta name=\"robots\" content=\"index, follow, max-snippet:-1, max-image-preview:large, max-video-preview:-1\" \/>\n<link rel=\"canonical\" href=\"https:\/\/infinity-mannheim.de\/en\/capsule-wardrobe\/\" \/>\n<meta property=\"og:locale\" content=\"en_GB\" \/>\n<meta property=\"og:type\" content=\"article\" \/>\n<meta property=\"og:title\" content=\"Capsule Wardrobe - INFINITY Mannheim\" \/>\n<meta property=\"og:description\" content=\"Entdecke die Vorteile einer Capsule Wardrobe! Ein minimalistisches Kleiderschrank-Konzept mit zeitlosen Klassikern. INFINITY Mannheim erkl\u00e4rt\" \/>\n<meta property=\"og:url\" content=\"https:\/\/infinity-mannheim.de\/en\/capsule-wardrobe\/\" \/>\n<meta property=\"og:site_name\" content=\"INFINITY Mannheim\" \/>\n<meta property=\"article:modified_time\" content=\"2025-04-29T08:20:34+00:00\" \/>\n<meta property=\"og:image\" content=\"http:\/\/infinity-mannheim.de\/wp-content\/uploads\/2021\/11\/Capsule_Wardrobe_Beitragsbild-scaled.jpg\" \/>\n\t<meta property=\"og:image:width\" content=\"2560\" \/>\n\t<meta property=\"og:image:height\" content=\"1310\" \/>\n\t<meta property=\"og:image:type\" content=\"image\/jpeg\" \/>\n<meta name=\"twitter:card\" content=\"summary_large_image\" \/>\n<meta name=\"twitter:label1\" content=\"Estimated reading time\" \/>\n\t<meta name=\"twitter:data1\" content=\"5 minutes\" \/>\n<script type=\"application\/ld+json\" class=\"yoast-schema-graph\">{\"@context\":\"https:\\\/\\\/schema.org\",\"@graph\":[{\"@type\":\"WebPage\",\"@id\":\"https:\\\/\\\/infinity-mannheim.de\\\/capsule-wardrobe\\\/\",\"url\":\"https:\\\/\\\/infinity-mannheim.de\\\/capsule-wardrobe\\\/\",\"name\":\"Capsule Wardrobe - INFINITY Mannheim\",\"isPartOf\":{\"@id\":\"https:\\\/\\\/infinity-mannheim.de\\\/#website\"},\"primaryImageOfPage\":{\"@id\":\"https:\\\/\\\/infinity-mannheim.de\\\/capsule-wardrobe\\\/#primaryimage\"},\"image\":{\"@id\":\"https:\\\/\\\/infinity-mannheim.de\\\/capsule-wardrobe\\\/#primaryimage\"},\"thumbnailUrl\":\"https:\\\/\\\/infinity-mannheim.de\\\/wp-content\\\/uploads\\\/2021\\\/11\\\/Capsule_Wardrobe_Beitragsbild-scaled.jpg\",\"datePublished\":\"2021-11-08T13:41:56+00:00\",\"dateModified\":\"2025-04-29T08:20:34+00:00\",\"description\":\"Entdecke die Vorteile einer Capsule Wardrobe! Ein minimalistisches Kleiderschrank-Konzept mit zeitlosen Klassikern. INFINITY Mannheim erkl\u00e4rt\",\"breadcrumb\":{\"@id\":\"https:\\\/\\\/infinity-mannheim.de\\\/capsule-wardrobe\\\/#breadcrumb\"},\"inLanguage\":\"en-GB\",\"potentialAction\":[{\"@type\":\"ReadAction\",\"target\":[\"https:\\\/\\\/infinity-mannheim.de\\\/capsule-wardrobe\\\/\"]}]},{\"@type\":\"ImageObject\",\"inLanguage\":\"en-GB\",\"@id\":\"https:\\\/\\\/infinity-mannheim.de\\\/capsule-wardrobe\\\/#primaryimage\",\"url\":\"https:\\\/\\\/infinity-mannheim.de\\\/wp-content\\\/uploads\\\/2021\\\/11\\\/Capsule_Wardrobe_Beitragsbild-scaled.jpg\",\"contentUrl\":\"https:\\\/\\\/infinity-mannheim.de\\\/wp-content\\\/uploads\\\/2021\\\/11\\\/Capsule_Wardrobe_Beitragsbild-scaled.jpg\",\"width\":2560,\"height\":1310},{\"@type\":\"BreadcrumbList\",\"@id\":\"https:\\\/\\\/infinity-mannheim.de\\\/capsule-wardrobe\\\/#breadcrumb\",\"itemListElement\":[{\"@type\":\"ListItem\",\"position\":1,\"name\":\"Startseite\",\"item\":\"https:\\\/\\\/infinity-mannheim.de\\\/\"},{\"@type\":\"ListItem\",\"position\":2,\"name\":\"Capsule Wardrobe\"}]},{\"@type\":\"WebSite\",\"@id\":\"https:\\\/\\\/infinity-mannheim.de\\\/#website\",\"url\":\"https:\\\/\\\/infinity-mannheim.de\\\/\",\"name\":\"INFINITY Mannheim\",\"description\":\"Mannheim Studierendeninitiative f\u00fcr Social Entrepreneurship\",\"publisher\":{\"@id\":\"https:\\\/\\\/infinity-mannheim.de\\\/#organization\"},\"potentialAction\":[{\"@type\":\"SearchAction\",\"target\":{\"@type\":\"EntryPoint\",\"urlTemplate\":\"https:\\\/\\\/infinity-mannheim.de\\\/?s={search_term_string}\"},\"query-input\":{\"@type\":\"PropertyValueSpecification\",\"valueRequired\":true,\"valueName\":\"search_term_string\"}}],\"inLanguage\":\"en-GB\"},{\"@type\":\"Organization\",\"@id\":\"https:\\\/\\\/infinity-mannheim.de\\\/#organization\",\"name\":\"INFINITY Mannheim e.V.\",\"url\":\"https:\\\/\\\/infinity-mannheim.de\\\/\",\"logo\":{\"@type\":\"ImageObject\",\"inLanguage\":\"en-GB\",\"@id\":\"https:\\\/\\\/infinity-mannheim.de\\\/#\\\/schema\\\/logo\\\/image\\\/\",\"url\":\"https:\\\/\\\/infinity-mannheim.de\\\/wp-content\\\/uploads\\\/2021\\\/09\\\/Franziska-Jahn.png\",\"contentUrl\":\"https:\\\/\\\/infinity-mannheim.de\\\/wp-content\\\/uploads\\\/2021\\\/09\\\/Franziska-Jahn.png\",\"width\":1000,\"height\":1000,\"caption\":\"INFINITY Mannheim e.V.\"},\"image\":{\"@id\":\"https:\\\/\\\/infinity-mannheim.de\\\/#\\\/schema\\\/logo\\\/image\\\/\"},\"sameAs\":[\"https:\\\/\\\/www.instagram.com\\\/infinity_mannheim\\\/\",\"https:\\\/\\\/www.linkedin.com\\\/company\\\/infinity-mannheim-e-v-\\\/\"]}]}<\/script>\n<!-- \/ Yoast SEO plugin. -->","yoast_head_json":{"title":"Capsule Wardrobe - INFINITY Mannheim","description":"Entdecke die Vorteile einer Capsule Wardrobe! Ein minimalistisches Kleiderschrank-Konzept mit zeitlosen Klassikern. INFINITY Mannheim erkl\u00e4rt","robots":{"index":"index","follow":"follow","max-snippet":"max-snippet:-1","max-image-preview":"max-image-preview:large","max-video-preview":"max-video-preview:-1"},"canonical":"https:\/\/infinity-mannheim.de\/en\/capsule-wardrobe\/","og_locale":"en_GB","og_type":"article","og_title":"Capsule Wardrobe - INFINITY Mannheim","og_description":"Entdecke die Vorteile einer Capsule Wardrobe! Ein minimalistisches Kleiderschrank-Konzept mit zeitlosen Klassikern. INFINITY Mannheim erkl\u00e4rt","og_url":"https:\/\/infinity-mannheim.de\/en\/capsule-wardrobe\/","og_site_name":"INFINITY Mannheim","article_modified_time":"2025-04-29T08:20:34+00:00","og_image":[{"width":2560,"height":1310,"url":"http:\/\/infinity-mannheim.de\/wp-content\/uploads\/2021\/11\/Capsule_Wardrobe_Beitragsbild-scaled.jpg","type":"image\/jpeg"}],"twitter_card":"summary_large_image","twitter_misc":{"Estimated reading time":"5 minutes"},"schema":{"@context":"https:\/\/schema.org","@graph":[{"@type":"WebPage","@id":"https:\/\/infinity-mannheim.de\/capsule-wardrobe\/","url":"https:\/\/infinity-mannheim.de\/capsule-wardrobe\/","name":"Capsule Wardrobe - INFINITY Mannheim","isPartOf":{"@id":"https:\/\/infinity-mannheim.de\/#website"},"primaryImageOfPage":{"@id":"https:\/\/infinity-mannheim.de\/capsule-wardrobe\/#primaryimage"},"image":{"@id":"https:\/\/infinity-mannheim.de\/capsule-wardrobe\/#primaryimage"},"thumbnailUrl":"https:\/\/infinity-mannheim.de\/wp-content\/uploads\/2021\/11\/Capsule_Wardrobe_Beitragsbild-scaled.jpg","datePublished":"2021-11-08T13:41:56+00:00","dateModified":"2025-04-29T08:20:34+00:00","description":"Entdecke die Vorteile einer Capsule Wardrobe! Ein minimalistisches Kleiderschrank-Konzept mit zeitlosen Klassikern. INFINITY Mannheim erkl\u00e4rt","breadcrumb":{"@id":"https:\/\/infinity-mannheim.de\/capsule-wardrobe\/#breadcrumb"},"inLanguage":"en-GB","potentialAction":[{"@type":"ReadAction","target":["https:\/\/infinity-mannheim.de\/capsule-wardrobe\/"]}]},{"@type":"ImageObject","inLanguage":"en-GB","@id":"https:\/\/infinity-mannheim.de\/capsule-wardrobe\/#primaryimage","url":"https:\/\/infinity-mannheim.de\/wp-content\/uploads\/2021\/11\/Capsule_Wardrobe_Beitragsbild-scaled.jpg","contentUrl":"https:\/\/infinity-mannheim.de\/wp-content\/uploads\/2021\/11\/Capsule_Wardrobe_Beitragsbild-scaled.jpg","width":2560,"height":1310},{"@type":"BreadcrumbList","@id":"https:\/\/infinity-mannheim.de\/capsule-wardrobe\/#breadcrumb","itemListElement":[{"@type":"ListItem","position":1,"name":"Startseite","item":"https:\/\/infinity-mannheim.de\/"},{"@type":"ListItem","position":2,"name":"Capsule Wardrobe"}]},{"@type":"WebSite","@id":"https:\/\/infinity-mannheim.de\/#website","url":"https:\/\/infinity-mannheim.de\/","name":"INFINITY Mannheim","description":"Mannheim Studierendeninitiative f\u00fcr Social Entrepreneurship","publisher":{"@id":"https:\/\/infinity-mannheim.de\/#organization"},"potentialAction":[{"@type":"SearchAction","target":{"@type":"EntryPoint","urlTemplate":"https:\/\/infinity-mannheim.de\/?s={search_term_string}"},"query-input":{"@type":"PropertyValueSpecification","valueRequired":true,"valueName":"search_term_string"}}],"inLanguage":"en-GB"},{"@type":"Organization","@id":"https:\/\/infinity-mannheim.de\/#organization","name":"INFINITY Mannheim e.V.","url":"https:\/\/infinity-mannheim.de\/","logo":{"@type":"ImageObject","inLanguage":"en-GB","@id":"https:\/\/infinity-mannheim.de\/#\/schema\/logo\/image\/","url":"https:\/\/infinity-mannheim.de\/wp-content\/uploads\/2021\/09\/Franziska-Jahn.png","contentUrl":"https:\/\/infinity-mannheim.de\/wp-content\/uploads\/2021\/09\/Franziska-Jahn.png","width":1000,"height":1000,"caption":"INFINITY Mannheim e.V."},"image":{"@id":"https:\/\/infinity-mannheim.de\/#\/schema\/logo\/image\/"},"sameAs":["https:\/\/www.instagram.com\/infinity_mannheim\/","https:\/\/www.linkedin.com\/company\/infinity-mannheim-e-v-\/"]}]}},"jetpack_sharing_enabled":true,"_links":{"self":[{"href":"https:\/\/infinity-mannheim.de\/en\/wp-json\/wp\/v2\/pages\/84238","targetHints":{"allow":["GET"]}}],"collection":[{"href":"https:\/\/infinity-mannheim.de\/en\/wp-json\/wp\/v2\/pages"}],"about":[{"href":"https:\/\/infinity-mannheim.de\/en\/wp-json\/wp\/v2\/types\/page"}],"author":[{"embeddable":true,"href":"https:\/\/infinity-mannheim.de\/en\/wp-json\/wp\/v2\/users\/2"}],"replies":[{"embeddable":true,"href":"https:\/\/infinity-mannheim.de\/en\/wp-json\/wp\/v2\/comments?post=84238"}],"version-history":[{"count":9,"href":"https:\/\/infinity-mannheim.de\/en\/wp-json\/wp\/v2\/pages\/84238\/revisions"}],"predecessor-version":[{"id":86314,"href":"https:\/\/infinity-mannheim.de\/en\/wp-json\/wp\/v2\/pages\/84238\/revisions\/86314"}],"wp:featuredmedia":[{"embeddable":true,"href":"https:\/\/infinity-mannheim.de\/en\/wp-json\/wp\/v2\/media\/84246"}],"wp:attachment":[{"href":"https:\/\/infinity-mannheim.de\/en\/wp-json\/wp\/v2\/media?parent=84238"}],"curies":[{"name":"wp","href":"https:\/\/api.w.org\/{rel}","templated":true}]}}