{"id":84332,"date":"2022-09-28T07:51:10","date_gmt":"2022-09-28T07:51:10","guid":{"rendered":"https:\/\/infinity-mannheim.de\/?page_id=84332"},"modified":"2025-04-29T09:54:39","modified_gmt":"2025-04-29T09:54:39","slug":"unsere-foerderinnen","status":"publish","type":"page","link":"https:\/\/infinity-mannheim.de\/en\/unsere-foerderinnen\/","title":{"rendered":"Unsere F\u00f6rder:innen"},"content":{"rendered":"<div class=\"wpb-content-wrapper\"><div data-parent=\"true\" class=\"vc_row row-container\" id=\"row-unique-0\"><div class=\"row limit-width row-parent\"><div class=\"wpb_row row-inner\"><div class=\"wpb_column pos-top pos-center align_left column_parent col-lg-12 single-internal-gutter\"><div class=\"uncol style-light\"  ><div class=\"uncoltable\"><div class=\"uncell no-block-padding\" ><div class=\"uncont\" ><div class=\"uncode_text_column\" ><p>Unternehmen, die uns f\u00f6rdern, unterst\u00fctzen unsere Mission und unsere Projekte. Werden auch Sie F\u00f6rder:in und kontaktieren Sie uns.<\/p>\n<\/div><div id=\"gallery-115924\" class=\"un-media-gallery isotope-system isotope-general-light grid-general-light\">\n\t\t\t\t\t\n\t\n\t<div class=\"isotope-wrapper grid-wrapper single-gutter\" >\n\t\t\t\t\t\t\t\t\t<div class=\"isotope-container isotope-layout style-masonry\" data-type=\"masonry\" data-layout=\"masonry\" data-lg=\"1000\" data-md=\"600\" data-sm=\"480\">\n<div class=\"tmb tmb-iso-w4 tmb-iso-h4 tmb-light tmb-overlay-text-anim tmb-overlay-anim tmb-overlay-middle tmb-overlay-text-left tmb-image-anim tmb-bordered tmb-id-84354  tmb-media-first tmb-media-last tmb-content-overlay tmb-no-bg tmb-lightbox\" ><div class=\"t-inside no-anim\" ><div class=\"t-entry-visual\"><div class=\"t-entry-visual-tc\"><div class=\"t-entry-visual-cont\"><div class=\"dummy\" style=\"padding-top: 50.7%;\"><\/div><a href=\"https:\/\/infinity-mannheim.de\/wp-content\/uploads\/2022\/11\/Deloitte-Monitor.jpg\"  class=\"pushed\" data-active=\"1\" data-lbox=\"ilightbox_gallery-115924\" data-options=\"width:1024,height:519,thumbnail: 'https:\/\/infinity-mannheim.de\/wp-content\/uploads\/2022\/11\/Deloitte-Monitor-300x152.jpg'\" data-lb-index=\"0\"><div class=\"t-entry-visual-overlay\"><div class=\"t-entry-visual-overlay-in style-dark-bg\" style=\"opacity: 0.5;\"><\/div><\/div><img decoding=\"async\" class=\"wp-image-84354\" src=\"https:\/\/infinity-mannheim.de\/wp-content\/uploads\/2022\/11\/Deloitte-Monitor.jpg\" width=\"1024\" height=\"519\" alt=\"\" srcset=\"https:\/\/infinity-mannheim.de\/wp-content\/uploads\/2022\/11\/Deloitte-Monitor.jpg 1024w, https:\/\/infinity-mannheim.de\/wp-content\/uploads\/2022\/11\/Deloitte-Monitor-600x304.jpg 600w, https:\/\/infinity-mannheim.de\/wp-content\/uploads\/2022\/11\/Deloitte-Monitor-300x152.jpg 300w, https:\/\/infinity-mannheim.de\/wp-content\/uploads\/2022\/11\/Deloitte-Monitor-768x389.jpg 768w\" sizes=\"(max-width: 1024px) 100vw, 1024px\" \/><\/a><\/div>\n\t\t\t\t\t<\/div>\n\t\t\t\t<\/div><\/div><\/div>\t\t\t<\/div>\n\t\t\t\t\t<\/div>\n\n\t\n\t\n\t\n<\/div>\n\n<\/div><\/div><\/div><\/div><\/div><script id=\"script-row-unique-0\" data-row=\"script-row-unique-0\" type=\"text\/javascript\" class=\"vc_controls\">UNCODE.initRow(document.getElementById(\"row-unique-0\"));<\/script><\/div><\/div><\/div>\n<\/div>","protected":false},"excerpt":{"rendered":"Unternehmen, die uns f\u00f6rdern, unterst\u00fctzen unsere Mission und unsere Projekte. Werden auch Sie F\u00f6rder:in und kontaktieren Sie uns.","protected":false},"author":1,"featured_media":84038,"parent":0,"menu_order":0,"comment_status":"closed","ping_status":"closed","template":"","meta":{"footnotes":""},"class_list":["post-84332","page","type-page","status-publish","has-post-thumbnail","hentry"],"yoast_head":"<!-- This site is optimized with the Yoast SEO plugin v27.4 - https:\/\/yoast.com\/product\/yoast-seo-wordpress\/ -->\n<title>Unsere F\u00f6rder:innen - INFINITY Mannheim<\/title>\n<meta name=\"description\" content=\"Lerne die F\u00f6rder:innen von INFINITY Mannheim kennen - engagierte Partner:innen, die uns durch Expertise und Finanzierung und unterst\u00fctzen\" \/>\n<meta name=\"robots\" content=\"index, follow, max-snippet:-1, max-image-preview:large, max-video-preview:-1\" \/>\n<link rel=\"canonical\" href=\"https:\/\/infinity-mannheim.de\/en\/unsere-foerderinnen\/\" \/>\n<meta property=\"og:locale\" content=\"en_GB\" \/>\n<meta property=\"og:type\" content=\"article\" \/>\n<meta property=\"og:title\" content=\"Unsere F\u00f6rder:innen - INFINITY Mannheim\" \/>\n<meta property=\"og:description\" content=\"Lerne die F\u00f6rder:innen von INFINITY Mannheim kennen - engagierte Partner:innen, die uns durch Expertise und Finanzierung und unterst\u00fctzen\" \/>\n<meta property=\"og:url\" content=\"https:\/\/infinity-mannheim.de\/en\/unsere-foerderinnen\/\" \/>\n<meta property=\"og:site_name\" content=\"INFINITY Mannheim\" \/>\n<meta property=\"article:modified_time\" content=\"2025-04-29T09:54:39+00:00\" \/>\n<meta property=\"og:image\" content=\"http:\/\/infinity-mannheim.de\/wp-content\/uploads\/2021\/05\/INFINITY_x_trio_2.jpg\" \/>\n\t<meta property=\"og:image:width\" content=\"2560\" \/>\n\t<meta property=\"og:image:height\" content=\"1708\" \/>\n\t<meta property=\"og:image:type\" content=\"image\/jpeg\" \/>\n<meta name=\"twitter:card\" content=\"summary_large_image\" \/>\n<meta name=\"twitter:label1\" content=\"Estimated reading time\" \/>\n\t<meta name=\"twitter:data1\" content=\"1 minute\" \/>\n<script type=\"application\/ld+json\" class=\"yoast-schema-graph\">{\"@context\":\"https:\\\/\\\/schema.org\",\"@graph\":[{\"@type\":\"WebPage\",\"@id\":\"https:\\\/\\\/infinity-mannheim.de\\\/unsere-foerderinnen\\\/\",\"url\":\"https:\\\/\\\/infinity-mannheim.de\\\/unsere-foerderinnen\\\/\",\"name\":\"Unsere F\u00f6rder:innen - INFINITY Mannheim\",\"isPartOf\":{\"@id\":\"https:\\\/\\\/infinity-mannheim.de\\\/#website\"},\"primaryImageOfPage\":{\"@id\":\"https:\\\/\\\/infinity-mannheim.de\\\/unsere-foerderinnen\\\/#primaryimage\"},\"image\":{\"@id\":\"https:\\\/\\\/infinity-mannheim.de\\\/unsere-foerderinnen\\\/#primaryimage\"},\"thumbnailUrl\":\"https:\\\/\\\/infinity-mannheim.de\\\/wp-content\\\/uploads\\\/2021\\\/05\\\/INFINITY_x_trio_2.jpg\",\"datePublished\":\"2022-09-28T07:51:10+00:00\",\"dateModified\":\"2025-04-29T09:54:39+00:00\",\"description\":\"Lerne die F\u00f6rder:innen von INFINITY Mannheim kennen - engagierte Partner:innen, die uns durch Expertise und Finanzierung und unterst\u00fctzen\",\"breadcrumb\":{\"@id\":\"https:\\\/\\\/infinity-mannheim.de\\\/unsere-foerderinnen\\\/#breadcrumb\"},\"inLanguage\":\"en-GB\",\"potentialAction\":[{\"@type\":\"ReadAction\",\"target\":[\"https:\\\/\\\/infinity-mannheim.de\\\/unsere-foerderinnen\\\/\"]}]},{\"@type\":\"ImageObject\",\"inLanguage\":\"en-GB\",\"@id\":\"https:\\\/\\\/infinity-mannheim.de\\\/unsere-foerderinnen\\\/#primaryimage\",\"url\":\"https:\\\/\\\/infinity-mannheim.de\\\/wp-content\\\/uploads\\\/2021\\\/05\\\/INFINITY_x_trio_2.jpg\",\"contentUrl\":\"https:\\\/\\\/infinity-mannheim.de\\\/wp-content\\\/uploads\\\/2021\\\/05\\\/INFINITY_x_trio_2.jpg\",\"width\":2560,\"height\":1708},{\"@type\":\"BreadcrumbList\",\"@id\":\"https:\\\/\\\/infinity-mannheim.de\\\/unsere-foerderinnen\\\/#breadcrumb\",\"itemListElement\":[{\"@type\":\"ListItem\",\"position\":1,\"name\":\"Startseite\",\"item\":\"https:\\\/\\\/infinity-mannheim.de\\\/\"},{\"@type\":\"ListItem\",\"position\":2,\"name\":\"Unsere F\u00f6rder:innen\"}]},{\"@type\":\"WebSite\",\"@id\":\"https:\\\/\\\/infinity-mannheim.de\\\/#website\",\"url\":\"https:\\\/\\\/infinity-mannheim.de\\\/\",\"name\":\"INFINITY Mannheim\",\"description\":\"Mannheim Studierendeninitiative f\u00fcr Social Entrepreneurship\",\"publisher\":{\"@id\":\"https:\\\/\\\/infinity-mannheim.de\\\/#organization\"},\"potentialAction\":[{\"@type\":\"SearchAction\",\"target\":{\"@type\":\"EntryPoint\",\"urlTemplate\":\"https:\\\/\\\/infinity-mannheim.de\\\/?s={search_term_string}\"},\"query-input\":{\"@type\":\"PropertyValueSpecification\",\"valueRequired\":true,\"valueName\":\"search_term_string\"}}],\"inLanguage\":\"en-GB\"},{\"@type\":\"Organization\",\"@id\":\"https:\\\/\\\/infinity-mannheim.de\\\/#organization\",\"name\":\"INFINITY Mannheim e.V.\",\"url\":\"https:\\\/\\\/infinity-mannheim.de\\\/\",\"logo\":{\"@type\":\"ImageObject\",\"inLanguage\":\"en-GB\",\"@id\":\"https:\\\/\\\/infinity-mannheim.de\\\/#\\\/schema\\\/logo\\\/image\\\/\",\"url\":\"https:\\\/\\\/infinity-mannheim.de\\\/wp-content\\\/uploads\\\/2021\\\/09\\\/Franziska-Jahn.png\",\"contentUrl\":\"https:\\\/\\\/infinity-mannheim.de\\\/wp-content\\\/uploads\\\/2021\\\/09\\\/Franziska-Jahn.png\",\"width\":1000,\"height\":1000,\"caption\":\"INFINITY Mannheim e.V.\"},\"image\":{\"@id\":\"https:\\\/\\\/infinity-mannheim.de\\\/#\\\/schema\\\/logo\\\/image\\\/\"},\"sameAs\":[\"https:\\\/\\\/www.instagram.com\\\/infinity_mannheim\\\/\",\"https:\\\/\\\/www.linkedin.com\\\/company\\\/infinity-mannheim-e-v-\\\/\"]}]}<\/script>\n<!-- \/ Yoast SEO plugin. -->","yoast_head_json":{"title":"Unsere F\u00f6rder:innen - INFINITY Mannheim","description":"Lerne die F\u00f6rder:innen von INFINITY Mannheim kennen - engagierte Partner:innen, die uns durch Expertise und Finanzierung und unterst\u00fctzen","robots":{"index":"index","follow":"follow","max-snippet":"max-snippet:-1","max-image-preview":"max-image-preview:large","max-video-preview":"max-video-preview:-1"},"canonical":"https:\/\/infinity-mannheim.de\/en\/unsere-foerderinnen\/","og_locale":"en_GB","og_type":"article","og_title":"Unsere F\u00f6rder:innen - INFINITY Mannheim","og_description":"Lerne die F\u00f6rder:innen von INFINITY Mannheim kennen - engagierte Partner:innen, die uns durch Expertise und Finanzierung und unterst\u00fctzen","og_url":"https:\/\/infinity-mannheim.de\/en\/unsere-foerderinnen\/","og_site_name":"INFINITY Mannheim","article_modified_time":"2025-04-29T09:54:39+00:00","og_image":[{"width":2560,"height":1708,"url":"http:\/\/infinity-mannheim.de\/wp-content\/uploads\/2021\/05\/INFINITY_x_trio_2.jpg","type":"image\/jpeg"}],"twitter_card":"summary_large_image","twitter_misc":{"Estimated reading time":"1 minute"},"schema":{"@context":"https:\/\/schema.org","@graph":[{"@type":"WebPage","@id":"https:\/\/infinity-mannheim.de\/unsere-foerderinnen\/","url":"https:\/\/infinity-mannheim.de\/unsere-foerderinnen\/","name":"Unsere F\u00f6rder:innen - INFINITY Mannheim","isPartOf":{"@id":"https:\/\/infinity-mannheim.de\/#website"},"primaryImageOfPage":{"@id":"https:\/\/infinity-mannheim.de\/unsere-foerderinnen\/#primaryimage"},"image":{"@id":"https:\/\/infinity-mannheim.de\/unsere-foerderinnen\/#primaryimage"},"thumbnailUrl":"https:\/\/infinity-mannheim.de\/wp-content\/uploads\/2021\/05\/INFINITY_x_trio_2.jpg","datePublished":"2022-09-28T07:51:10+00:00","dateModified":"2025-04-29T09:54:39+00:00","description":"Lerne die F\u00f6rder:innen von INFINITY Mannheim kennen - engagierte Partner:innen, die uns durch Expertise und Finanzierung und unterst\u00fctzen","breadcrumb":{"@id":"https:\/\/infinity-mannheim.de\/unsere-foerderinnen\/#breadcrumb"},"inLanguage":"en-GB","potentialAction":[{"@type":"ReadAction","target":["https:\/\/infinity-mannheim.de\/unsere-foerderinnen\/"]}]},{"@type":"ImageObject","inLanguage":"en-GB","@id":"https:\/\/infinity-mannheim.de\/unsere-foerderinnen\/#primaryimage","url":"https:\/\/infinity-mannheim.de\/wp-content\/uploads\/2021\/05\/INFINITY_x_trio_2.jpg","contentUrl":"https:\/\/infinity-mannheim.de\/wp-content\/uploads\/2021\/05\/INFINITY_x_trio_2.jpg","width":2560,"height":1708},{"@type":"BreadcrumbList","@id":"https:\/\/infinity-mannheim.de\/unsere-foerderinnen\/#breadcrumb","itemListElement":[{"@type":"ListItem","position":1,"name":"Startseite","item":"https:\/\/infinity-mannheim.de\/"},{"@type":"ListItem","position":2,"name":"Unsere F\u00f6rder:innen"}]},{"@type":"WebSite","@id":"https:\/\/infinity-mannheim.de\/#website","url":"https:\/\/infinity-mannheim.de\/","name":"INFINITY Mannheim","description":"Mannheim Studierendeninitiative f\u00fcr Social Entrepreneurship","publisher":{"@id":"https:\/\/infinity-mannheim.de\/#organization"},"potentialAction":[{"@type":"SearchAction","target":{"@type":"EntryPoint","urlTemplate":"https:\/\/infinity-mannheim.de\/?s={search_term_string}"},"query-input":{"@type":"PropertyValueSpecification","valueRequired":true,"valueName":"search_term_string"}}],"inLanguage":"en-GB"},{"@type":"Organization","@id":"https:\/\/infinity-mannheim.de\/#organization","name":"INFINITY Mannheim e.V.","url":"https:\/\/infinity-mannheim.de\/","logo":{"@type":"ImageObject","inLanguage":"en-GB","@id":"https:\/\/infinity-mannheim.de\/#\/schema\/logo\/image\/","url":"https:\/\/infinity-mannheim.de\/wp-content\/uploads\/2021\/09\/Franziska-Jahn.png","contentUrl":"https:\/\/infinity-mannheim.de\/wp-content\/uploads\/2021\/09\/Franziska-Jahn.png","width":1000,"height":1000,"caption":"INFINITY Mannheim e.V."},"image":{"@id":"https:\/\/infinity-mannheim.de\/#\/schema\/logo\/image\/"},"sameAs":["https:\/\/www.instagram.com\/infinity_mannheim\/","https:\/\/www.linkedin.com\/company\/infinity-mannheim-e-v-\/"]}]}},"jetpack_sharing_enabled":true,"_links":{"self":[{"href":"https:\/\/infinity-mannheim.de\/en\/wp-json\/wp\/v2\/pages\/84332","targetHints":{"allow":["GET"]}}],"collection":[{"href":"https:\/\/infinity-mannheim.de\/en\/wp-json\/wp\/v2\/pages"}],"about":[{"href":"https:\/\/infinity-mannheim.de\/en\/wp-json\/wp\/v2\/types\/page"}],"author":[{"embeddable":true,"href":"https:\/\/infinity-mannheim.de\/en\/wp-json\/wp\/v2\/users\/1"}],"replies":[{"embeddable":true,"href":"https:\/\/infinity-mannheim.de\/en\/wp-json\/wp\/v2\/comments?post=84332"}],"version-history":[{"count":8,"href":"https:\/\/infinity-mannheim.de\/en\/wp-json\/wp\/v2\/pages\/84332\/revisions"}],"predecessor-version":[{"id":86342,"href":"https:\/\/infinity-mannheim.de\/en\/wp-json\/wp\/v2\/pages\/84332\/revisions\/86342"}],"wp:featuredmedia":[{"embeddable":true,"href":"https:\/\/infinity-mannheim.de\/en\/wp-json\/wp\/v2\/media\/84038"}],"wp:attachment":[{"href":"https:\/\/infinity-mannheim.de\/en\/wp-json\/wp\/v2\/media?parent=84332"}],"curies":[{"name":"wp","href":"https:\/\/api.w.org\/{rel}","templated":true}]}}