{"id":84366,"date":"2022-12-08T13:46:52","date_gmt":"2022-12-08T13:46:52","guid":{"rendered":"https:\/\/infinity-mannheim.de\/?page_id=84366"},"modified":"2025-04-29T09:05:51","modified_gmt":"2025-04-29T09:05:51","slug":"maexchange-donation","status":"publish","type":"page","link":"https:\/\/infinity-mannheim.de\/en\/maexchange-donation\/","title":{"rendered":"MaExchange &#8211; Donate"},"content":{"rendered":"<div class=\"wpb-content-wrapper\"><div data-parent=\"true\" class=\"vc_row row-container\" id=\"row-unique-0\"><div class=\"row limit-width row-parent\"><div class=\"wpb_row row-inner\"><div class=\"wpb_column pos-top pos-center align_left column_parent col-lg-12 single-internal-gutter\"><div class=\"uncol style-light\"  ><div class=\"uncoltable\"><div class=\"uncell no-block-padding\" ><div class=\"uncont\" ><div class=\"uncode-tabs wpb_content_element\" data-interval=\"\"  data-target=\"\"><div class=\"uncode-wrapper tab-container\"><div class=\"vc_tta-tabs-container\"><ul class=\"nav nav-tabs wpb_tabs_nav ui-tabs-nav vc_tta-tabs-list text-center\"><li data-tab-id=\"tab-1568243906-2-791670506992146\" data-tab-o-id=\"1568243906-2-791670506992146\" class=\"vc_tta-tab active\"><a href=\"#tab-1568243906-2-791670506992146\" data-toggle=\"tab\"><span><span><span class=\"\">English<\/span><\/span><\/span><\/a><\/li><li data-tab-id=\"tab-1568243906-1-381670506992146\" data-tab-o-id=\"1568243906-1-381670506992146\" class=\"vc_tta-tab\"><a href=\"#tab-1568243906-1-381670506992146\" data-toggle=\"tab\"><span><span><span class=\"\">Deutsch<\/span><\/span><\/span><\/a><\/li><\/ul><\/div><div class=\"tab-content wpb_wrapper\"><div id=\"tab-1568243906-2-791670506992146\" class=\"tab-pane in active fade half-internal-gutter single-block-padding\"><div>\n\t\t\t\t<div class=\"vc_row row-internal row-container\"><div class=\"row row-child\"><div class=\"wpb_row row-inner\"><div class=\"wpb_column pos-top pos-center align_center column_child col-lg-6 single-internal-gutter\"><div class=\"uncol style-light\" ><div class=\"uncoltable\"><div class=\"uncell no-block-padding\" ><div class=\"uncont\" ><div class=\"uncode-single-media  text-left\"><div class=\"single-wrapper\" style=\"max-width: 100%;\"><div class=\"tmb tmb-light  tmb-media-first tmb-media-last tmb-content-overlay tmb-no-bg\"><div class=\"t-inside\"><div class=\"t-entry-visual\"><div class=\"t-entry-visual-tc\"><div class=\"uncode-single-media-wrapper\"><img decoding=\"async\" class=\"wp-image-287\" src=\"https:\/\/infinity-mannheim.de\/wp-content\/uploads\/2021\/05\/MaExchange.jpg\" width=\"1920\" height=\"1440\" alt=\"\" srcset=\"https:\/\/infinity-mannheim.de\/wp-content\/uploads\/2021\/05\/MaExchange.jpg 1920w, https:\/\/infinity-mannheim.de\/wp-content\/uploads\/2021\/05\/MaExchange-600x450.jpg 600w, https:\/\/infinity-mannheim.de\/wp-content\/uploads\/2021\/05\/MaExchange-300x225.jpg 300w, https:\/\/infinity-mannheim.de\/wp-content\/uploads\/2021\/05\/MaExchange-1024x768.jpg 1024w, https:\/\/infinity-mannheim.de\/wp-content\/uploads\/2021\/05\/MaExchange-768x576.jpg 768w, https:\/\/infinity-mannheim.de\/wp-content\/uploads\/2021\/05\/MaExchange-1536x1152.jpg 1536w\" sizes=\"(max-width: 1920px) 100vw, 1920px\" \/><\/div>\n\t\t\t\t\t<\/div>\n\t\t\t\t<\/div><\/div><\/div><\/div><\/div><\/div><\/div><\/div><\/div><\/div><div class=\"wpb_column pos-top pos-center align_left column_child col-lg-6 single-internal-gutter\"><div class=\"uncol style-light\" ><div class=\"uncoltable\"><div class=\"uncell no-block-padding\" ><div class=\"uncont\" ><div class=\"uncode_text_column\" ><p>MaExchange aims to help exchange students settle into their new home in Mannheim easily, sustainably, and for free!<\/p>\n<p>The project offers international students an opportunity to borrow household items during their stay, which we collect through donations from other students. Exchange students are able to borrow various items for a small deposit and avoid the hassle of buying lots of household items for a one-time use!<\/p>\n<p>If you have lots of knives, forks etc. piling up around your house or simply plan on moving out and have no use for these items anymore, then you can support our project and donate them!<\/p>\n<p>If this interests you, please fill out the form below and within the next 5 working days you will receive a response confirming the acceptance of your donation!<\/p>\n<\/div><\/div><\/div><\/div><\/div><\/div><\/div><\/div><\/div><div class=\"vc_row row-internal row-container\"><div class=\"row row-child\"><div class=\"wpb_row row-inner\"><div class=\"wpb_column pos-top pos-center align_left column_child col-lg-12 single-internal-gutter\"><div class=\"uncol style-light\" ><div class=\"uncoltable\"><div class=\"uncell no-block-padding\" ><div class=\"uncont\" >\n\t<div class=\"wpb_raw_code wpb_raw_html\" >\n\t\t<div class=\"wpb_wrapper\">\n\t\t\t<iframe src=\"https:\/\/docs.google.com\/forms\/d\/e\/1FAIpQLScCdc8WpTf7gPxpp_SHHmXLOuJCOr59gc5aQ3kNHj3y7VCtAg\/viewform?embedded=true\" width=\"640\" height=\"800\" frameborder=\"0\" marginheight=\"0\" marginwidth=\"0\">Loading\u2026<\/iframe>\n\t\t<\/div>\n\t<\/div>\n<\/div><\/div><\/div><\/div><\/div><\/div><\/div><\/div><\/div><\/div><div id=\"tab-1568243906-1-381670506992146\" class=\"tab-pane fade half-internal-gutter single-block-padding\"><div>\n\t\t\t\t<div class=\"vc_row row-internal row-container\"><div class=\"row row-child\"><div class=\"wpb_row row-inner\"><div class=\"wpb_column pos-top pos-center align_center column_child col-lg-6 single-internal-gutter\"><div class=\"uncol style-light\" ><div class=\"uncoltable\"><div class=\"uncell no-block-padding\" ><div class=\"uncont\" ><div class=\"uncode-single-media  text-left\"><div class=\"single-wrapper\" style=\"max-width: 100%;\"><div class=\"tmb tmb-light  tmb-media-first tmb-media-last tmb-content-overlay tmb-no-bg\"><div class=\"t-inside\"><div class=\"t-entry-visual\"><div class=\"t-entry-visual-tc\"><div class=\"uncode-single-media-wrapper\"><img decoding=\"async\" class=\"wp-image-287\" src=\"https:\/\/infinity-mannheim.de\/wp-content\/uploads\/2021\/05\/MaExchange.jpg\" width=\"1920\" height=\"1440\" alt=\"\" srcset=\"https:\/\/infinity-mannheim.de\/wp-content\/uploads\/2021\/05\/MaExchange.jpg 1920w, https:\/\/infinity-mannheim.de\/wp-content\/uploads\/2021\/05\/MaExchange-600x450.jpg 600w, https:\/\/infinity-mannheim.de\/wp-content\/uploads\/2021\/05\/MaExchange-300x225.jpg 300w, https:\/\/infinity-mannheim.de\/wp-content\/uploads\/2021\/05\/MaExchange-1024x768.jpg 1024w, https:\/\/infinity-mannheim.de\/wp-content\/uploads\/2021\/05\/MaExchange-768x576.jpg 768w, https:\/\/infinity-mannheim.de\/wp-content\/uploads\/2021\/05\/MaExchange-1536x1152.jpg 1536w\" sizes=\"(max-width: 1920px) 100vw, 1920px\" \/><\/div>\n\t\t\t\t\t<\/div>\n\t\t\t\t<\/div><\/div><\/div><\/div><\/div><\/div><\/div><\/div><\/div><\/div><div class=\"wpb_column pos-top pos-center align_left column_child col-lg-6 single-internal-gutter\"><div class=\"uncol style-light\" ><div class=\"uncoltable\"><div class=\"uncell no-block-padding\" ><div class=\"uncont\" ><div class=\"uncode_text_column\" ><\/p>\n<p style=\"text-align: left\">MaExchange unterst\u00fctzt Austauschstudierende\u00a0dabei,\u00a0sich unkompliziert, nachhaltig und ohne zus\u00e4tzliche Kosten in ihrem\u00a0Mannheimer Zuhause\u00a0einzurichten.<\/p>\n<p style=\"text-align: left\">Mit unserem Projekt bieten wir Austauschstudierenden die M\u00f6glichkeit, w\u00e4hrend ihres Aufenthalts gegen Haushaltsgegenst\u00e4nde auszuleihen., welche wir zuvor durch Sachspenden von anderen Studenten sammeln. Gegen ein kleines Pfand k\u00f6nnen Austauschstudierende Gegenst\u00e4nde wie beispielsweise Toaster, Schreibtischlampen oder Besteck leihen.<\/p>\n<p style=\"text-align: left\">Du ben\u00f6tigst selbst keine Gegenst\u00e4nde, aber hast zu viele Messer, Gabeln etc. zu Hause rumfliegen? Dann kannst du gern unser Projekt unterst\u00fctzen und diese \u00fcberfl\u00fcssigen Utensilien spenden!<\/p>\n<p>Wenn du daran interessiert bist, kannst du gerne das nachstehende Formular ausf\u00fcllen. Innerhalb der n\u00e4chsten 5 Arbeitstage erhaltest du eine Antwort mit der Best\u00e4tigung, dass deine Spende angenommen\u00a0wurde!<\/p>\n<\/div><\/div><\/div><\/div><\/div><\/div><\/div><\/div><\/div><div class=\"vc_row row-internal row-container\"><div class=\"row row-child\"><div class=\"wpb_row row-inner\"><div class=\"wpb_column pos-top pos-center align_left column_child col-lg-12 single-internal-gutter\"><div class=\"uncol style-light\" ><div class=\"uncoltable\"><div class=\"uncell no-block-padding\" ><div class=\"uncont\" >\n\t<div class=\"wpb_raw_code wpb_raw_html\" >\n\t\t<div class=\"wpb_wrapper\">\n\t\t\t<iframe src=\"https:\/\/docs.google.com\/forms\/d\/e\/1FAIpQLScXKGXpfoV7tXGXTkbiEv9WARsjoqITI7jFxUmGC2Ehq3vp9w\/viewform?embedded=true\" width=\"640\" height=\"800\" frameborder=\"0\" marginheight=\"0\" marginwidth=\"0\">Loading\u2026<\/iframe>\n\t\t<\/div>\n\t<\/div>\n<\/div><\/div><\/div><\/div><\/div><\/div><\/div><\/div><\/div><\/div><\/div><\/div><\/div><\/div><\/div><\/div><\/div><\/div><script id=\"script-row-unique-0\" data-row=\"script-row-unique-0\" type=\"text\/javascript\" class=\"vc_controls\">UNCODE.initRow(document.getElementById(\"row-unique-0\"));<\/script><\/div><\/div><\/div>\n<\/div>","protected":false},"excerpt":{"rendered":"EnglishDeutsch MaExchange aims to help exchange students settle into their new home in Mannheim easily, sustainably, and for free! The [...]","protected":false},"author":2,"featured_media":287,"parent":0,"menu_order":0,"comment_status":"closed","ping_status":"closed","template":"","meta":{"footnotes":""},"class_list":["post-84366","page","type-page","status-publish","has-post-thumbnail","hentry"],"yoast_head":"<!-- This site is optimized with the Yoast SEO plugin v27.4 - https:\/\/yoast.com\/product\/yoast-seo-wordpress\/ -->\n<title>MaExchange - Donate - INFINITY Mannheim<\/title>\n<meta name=\"description\" content=\"Donate household items to MaExchange and support incoming exchange students with sustainable, affordable essentials for their stay\" \/>\n<meta name=\"robots\" content=\"index, follow, max-snippet:-1, max-image-preview:large, max-video-preview:-1\" \/>\n<link rel=\"canonical\" href=\"https:\/\/infinity-mannheim.de\/en\/maexchange-donation\/\" \/>\n<meta property=\"og:locale\" content=\"en_GB\" \/>\n<meta property=\"og:type\" content=\"article\" \/>\n<meta property=\"og:title\" content=\"MaExchange - Donate - INFINITY Mannheim\" \/>\n<meta property=\"og:description\" content=\"Donate household items to MaExchange and support incoming exchange students with sustainable, affordable essentials for their stay\" \/>\n<meta property=\"og:url\" content=\"https:\/\/infinity-mannheim.de\/en\/maexchange-donation\/\" \/>\n<meta property=\"og:site_name\" content=\"INFINITY Mannheim\" \/>\n<meta property=\"article:modified_time\" content=\"2025-04-29T09:05:51+00:00\" \/>\n<meta property=\"og:image\" content=\"http:\/\/infinity-mannheim.de\/wp-content\/uploads\/2021\/05\/MaExchange.jpg\" \/>\n\t<meta property=\"og:image:width\" content=\"1920\" \/>\n\t<meta property=\"og:image:height\" content=\"1440\" \/>\n\t<meta property=\"og:image:type\" content=\"image\/jpeg\" \/>\n<meta name=\"twitter:card\" content=\"summary_large_image\" \/>\n<meta name=\"twitter:label1\" content=\"Estimated reading time\" \/>\n\t<meta name=\"twitter:data1\" content=\"2 minutes\" \/>\n<script type=\"application\/ld+json\" class=\"yoast-schema-graph\">{\"@context\":\"https:\\\/\\\/schema.org\",\"@graph\":[{\"@type\":\"WebPage\",\"@id\":\"https:\\\/\\\/infinity-mannheim.de\\\/maexchange-donation\\\/\",\"url\":\"https:\\\/\\\/infinity-mannheim.de\\\/maexchange-donation\\\/\",\"name\":\"MaExchange - Donate - INFINITY Mannheim\",\"isPartOf\":{\"@id\":\"https:\\\/\\\/infinity-mannheim.de\\\/#website\"},\"primaryImageOfPage\":{\"@id\":\"https:\\\/\\\/infinity-mannheim.de\\\/maexchange-donation\\\/#primaryimage\"},\"image\":{\"@id\":\"https:\\\/\\\/infinity-mannheim.de\\\/maexchange-donation\\\/#primaryimage\"},\"thumbnailUrl\":\"https:\\\/\\\/infinity-mannheim.de\\\/wp-content\\\/uploads\\\/2021\\\/05\\\/MaExchange.jpg\",\"datePublished\":\"2022-12-08T13:46:52+00:00\",\"dateModified\":\"2025-04-29T09:05:51+00:00\",\"description\":\"Donate household items to MaExchange and support incoming exchange students with sustainable, affordable essentials for their stay\",\"breadcrumb\":{\"@id\":\"https:\\\/\\\/infinity-mannheim.de\\\/maexchange-donation\\\/#breadcrumb\"},\"inLanguage\":\"en-GB\",\"potentialAction\":[{\"@type\":\"ReadAction\",\"target\":[\"https:\\\/\\\/infinity-mannheim.de\\\/maexchange-donation\\\/\"]}]},{\"@type\":\"ImageObject\",\"inLanguage\":\"en-GB\",\"@id\":\"https:\\\/\\\/infinity-mannheim.de\\\/maexchange-donation\\\/#primaryimage\",\"url\":\"https:\\\/\\\/infinity-mannheim.de\\\/wp-content\\\/uploads\\\/2021\\\/05\\\/MaExchange.jpg\",\"contentUrl\":\"https:\\\/\\\/infinity-mannheim.de\\\/wp-content\\\/uploads\\\/2021\\\/05\\\/MaExchange.jpg\",\"width\":1920,\"height\":1440},{\"@type\":\"BreadcrumbList\",\"@id\":\"https:\\\/\\\/infinity-mannheim.de\\\/maexchange-donation\\\/#breadcrumb\",\"itemListElement\":[{\"@type\":\"ListItem\",\"position\":1,\"name\":\"Startseite\",\"item\":\"https:\\\/\\\/infinity-mannheim.de\\\/\"},{\"@type\":\"ListItem\",\"position\":2,\"name\":\"MaExchange &#8211; Donate\"}]},{\"@type\":\"WebSite\",\"@id\":\"https:\\\/\\\/infinity-mannheim.de\\\/#website\",\"url\":\"https:\\\/\\\/infinity-mannheim.de\\\/\",\"name\":\"INFINITY Mannheim\",\"description\":\"Mannheim Studierendeninitiative f\u00fcr Social Entrepreneurship\",\"publisher\":{\"@id\":\"https:\\\/\\\/infinity-mannheim.de\\\/#organization\"},\"potentialAction\":[{\"@type\":\"SearchAction\",\"target\":{\"@type\":\"EntryPoint\",\"urlTemplate\":\"https:\\\/\\\/infinity-mannheim.de\\\/?s={search_term_string}\"},\"query-input\":{\"@type\":\"PropertyValueSpecification\",\"valueRequired\":true,\"valueName\":\"search_term_string\"}}],\"inLanguage\":\"en-GB\"},{\"@type\":\"Organization\",\"@id\":\"https:\\\/\\\/infinity-mannheim.de\\\/#organization\",\"name\":\"INFINITY Mannheim e.V.\",\"url\":\"https:\\\/\\\/infinity-mannheim.de\\\/\",\"logo\":{\"@type\":\"ImageObject\",\"inLanguage\":\"en-GB\",\"@id\":\"https:\\\/\\\/infinity-mannheim.de\\\/#\\\/schema\\\/logo\\\/image\\\/\",\"url\":\"https:\\\/\\\/infinity-mannheim.de\\\/wp-content\\\/uploads\\\/2021\\\/09\\\/Franziska-Jahn.png\",\"contentUrl\":\"https:\\\/\\\/infinity-mannheim.de\\\/wp-content\\\/uploads\\\/2021\\\/09\\\/Franziska-Jahn.png\",\"width\":1000,\"height\":1000,\"caption\":\"INFINITY Mannheim e.V.\"},\"image\":{\"@id\":\"https:\\\/\\\/infinity-mannheim.de\\\/#\\\/schema\\\/logo\\\/image\\\/\"},\"sameAs\":[\"https:\\\/\\\/www.instagram.com\\\/infinity_mannheim\\\/\",\"https:\\\/\\\/www.linkedin.com\\\/company\\\/infinity-mannheim-e-v-\\\/\"]}]}<\/script>\n<!-- \/ Yoast SEO plugin. -->","yoast_head_json":{"title":"MaExchange - Donate - INFINITY Mannheim","description":"Donate household items to MaExchange and support incoming exchange students with sustainable, affordable essentials for their stay","robots":{"index":"index","follow":"follow","max-snippet":"max-snippet:-1","max-image-preview":"max-image-preview:large","max-video-preview":"max-video-preview:-1"},"canonical":"https:\/\/infinity-mannheim.de\/en\/maexchange-donation\/","og_locale":"en_GB","og_type":"article","og_title":"MaExchange - Donate - INFINITY Mannheim","og_description":"Donate household items to MaExchange and support incoming exchange students with sustainable, affordable essentials for their stay","og_url":"https:\/\/infinity-mannheim.de\/en\/maexchange-donation\/","og_site_name":"INFINITY Mannheim","article_modified_time":"2025-04-29T09:05:51+00:00","og_image":[{"width":1920,"height":1440,"url":"http:\/\/infinity-mannheim.de\/wp-content\/uploads\/2021\/05\/MaExchange.jpg","type":"image\/jpeg"}],"twitter_card":"summary_large_image","twitter_misc":{"Estimated reading time":"2 minutes"},"schema":{"@context":"https:\/\/schema.org","@graph":[{"@type":"WebPage","@id":"https:\/\/infinity-mannheim.de\/maexchange-donation\/","url":"https:\/\/infinity-mannheim.de\/maexchange-donation\/","name":"MaExchange - Donate - INFINITY Mannheim","isPartOf":{"@id":"https:\/\/infinity-mannheim.de\/#website"},"primaryImageOfPage":{"@id":"https:\/\/infinity-mannheim.de\/maexchange-donation\/#primaryimage"},"image":{"@id":"https:\/\/infinity-mannheim.de\/maexchange-donation\/#primaryimage"},"thumbnailUrl":"https:\/\/infinity-mannheim.de\/wp-content\/uploads\/2021\/05\/MaExchange.jpg","datePublished":"2022-12-08T13:46:52+00:00","dateModified":"2025-04-29T09:05:51+00:00","description":"Donate household items to MaExchange and support incoming exchange students with sustainable, affordable essentials for their stay","breadcrumb":{"@id":"https:\/\/infinity-mannheim.de\/maexchange-donation\/#breadcrumb"},"inLanguage":"en-GB","potentialAction":[{"@type":"ReadAction","target":["https:\/\/infinity-mannheim.de\/maexchange-donation\/"]}]},{"@type":"ImageObject","inLanguage":"en-GB","@id":"https:\/\/infinity-mannheim.de\/maexchange-donation\/#primaryimage","url":"https:\/\/infinity-mannheim.de\/wp-content\/uploads\/2021\/05\/MaExchange.jpg","contentUrl":"https:\/\/infinity-mannheim.de\/wp-content\/uploads\/2021\/05\/MaExchange.jpg","width":1920,"height":1440},{"@type":"BreadcrumbList","@id":"https:\/\/infinity-mannheim.de\/maexchange-donation\/#breadcrumb","itemListElement":[{"@type":"ListItem","position":1,"name":"Startseite","item":"https:\/\/infinity-mannheim.de\/"},{"@type":"ListItem","position":2,"name":"MaExchange &#8211; Donate"}]},{"@type":"WebSite","@id":"https:\/\/infinity-mannheim.de\/#website","url":"https:\/\/infinity-mannheim.de\/","name":"INFINITY Mannheim","description":"Mannheim Studierendeninitiative f\u00fcr Social Entrepreneurship","publisher":{"@id":"https:\/\/infinity-mannheim.de\/#organization"},"potentialAction":[{"@type":"SearchAction","target":{"@type":"EntryPoint","urlTemplate":"https:\/\/infinity-mannheim.de\/?s={search_term_string}"},"query-input":{"@type":"PropertyValueSpecification","valueRequired":true,"valueName":"search_term_string"}}],"inLanguage":"en-GB"},{"@type":"Organization","@id":"https:\/\/infinity-mannheim.de\/#organization","name":"INFINITY Mannheim e.V.","url":"https:\/\/infinity-mannheim.de\/","logo":{"@type":"ImageObject","inLanguage":"en-GB","@id":"https:\/\/infinity-mannheim.de\/#\/schema\/logo\/image\/","url":"https:\/\/infinity-mannheim.de\/wp-content\/uploads\/2021\/09\/Franziska-Jahn.png","contentUrl":"https:\/\/infinity-mannheim.de\/wp-content\/uploads\/2021\/09\/Franziska-Jahn.png","width":1000,"height":1000,"caption":"INFINITY Mannheim e.V."},"image":{"@id":"https:\/\/infinity-mannheim.de\/#\/schema\/logo\/image\/"},"sameAs":["https:\/\/www.instagram.com\/infinity_mannheim\/","https:\/\/www.linkedin.com\/company\/infinity-mannheim-e-v-\/"]}]}},"jetpack_sharing_enabled":true,"_links":{"self":[{"href":"https:\/\/infinity-mannheim.de\/en\/wp-json\/wp\/v2\/pages\/84366","targetHints":{"allow":["GET"]}}],"collection":[{"href":"https:\/\/infinity-mannheim.de\/en\/wp-json\/wp\/v2\/pages"}],"about":[{"href":"https:\/\/infinity-mannheim.de\/en\/wp-json\/wp\/v2\/types\/page"}],"author":[{"embeddable":true,"href":"https:\/\/infinity-mannheim.de\/en\/wp-json\/wp\/v2\/users\/2"}],"replies":[{"embeddable":true,"href":"https:\/\/infinity-mannheim.de\/en\/wp-json\/wp\/v2\/comments?post=84366"}],"version-history":[{"count":18,"href":"https:\/\/infinity-mannheim.de\/en\/wp-json\/wp\/v2\/pages\/84366\/revisions"}],"predecessor-version":[{"id":86328,"href":"https:\/\/infinity-mannheim.de\/en\/wp-json\/wp\/v2\/pages\/84366\/revisions\/86328"}],"wp:featuredmedia":[{"embeddable":true,"href":"https:\/\/infinity-mannheim.de\/en\/wp-json\/wp\/v2\/media\/287"}],"wp:attachment":[{"href":"https:\/\/infinity-mannheim.de\/en\/wp-json\/wp\/v2\/media?parent=84366"}],"curies":[{"name":"wp","href":"https:\/\/api.w.org\/{rel}","templated":true}]}}