{"id":85091,"date":"2023-03-07T11:13:22","date_gmt":"2023-03-07T11:13:22","guid":{"rendered":"https:\/\/infinity-mannheim.de\/?page_id=85091"},"modified":"2025-11-10T18:23:52","modified_gmt":"2025-11-10T18:23:52","slug":"mitmachen","status":"publish","type":"page","link":"https:\/\/infinity-mannheim.de\/en\/mitmachen\/","title":{"rendered":"Get Involved"},"content":{"rendered":"<div class=\"wpb-content-wrapper\"><section data-parent=\"true\" class=\"vc_section row-container\" id=\"mitmachen\"><div class=\"row no-top-padding no-bottom-padding no-h-padding full-width row-parent\"><div data-parent=\"true\" class=\"vc_row vertical-align-top style-color-gyho-bg row-container\" id=\"row-unique-0\"><div class=\"row unequal col-one-gutter no-top-padding no-bottom-padding no-h-padding full-width row-parent\"><div class=\"wpb_row row-inner\"><div class=\"wpb_column pos-middle pos-center align_center column_parent col-lg-6 col-md-33 double-internal-gutter\"><div class=\"uncol style-light animate_when_almost_visible right-t-left\"  data-delay=\"400\"><div class=\"uncoltable\"><div class=\"uncell triple-block-padding style-color-xsdn-bg\" ><div class=\"uncont\" ><div class=\"vc_row row-internal row-container\"><div class=\"row unequal row-child\"><div class=\"wpb_row row-inner\"><div class=\"wpb_column pos-top pos-center align_center column_child col-lg-12 no-internal-gutter\"><div class=\"uncol style-light\" ><div class=\"uncoltable\"><div class=\"uncell no-block-padding\" ><div class=\"uncont\" ><div class=\"vc_custom_heading_wrap\"><div class=\"heading-text el-text\" ><h2 class=\"font-weight-300\" ><span>Studierende<\/span><\/h2><\/div><div class=\"clear\"><\/div><\/div><div class=\"vc_custom_heading_wrap\"><div class=\"heading-text el-text\" ><h4 class=\"fontspace-111509 font-weight-200\" ><span>Starte dein eigenes Projekt bei uns!<\/span><\/h4><\/div><div class=\"clear\"><\/div><\/div><\/div><\/div><\/div><\/div><\/div><\/div><\/div><\/div><div class=\"uncode-single-media  text-center\"><div class=\"single-wrapper\" style=\"max-width: 50%;\"><div class=\"tmb tmb-light  tmb-img-ratio tmb-media-first tmb-media-last tmb-content-overlay tmb-no-bg\"><div class=\"t-inside\"><div class=\"t-entry-visual\"><div class=\"t-entry-visual-tc\"><div class=\"uncode-single-media-wrapper\"><div class=\"dummy\" style=\"padding-top: 100%;\"><\/div><img decoding=\"async\" class=\"wp-image-166\" src=\"https:\/\/infinity-mannheim.de\/wp-content\/uploads\/2021\/05\/Studierende-uai-427x427.jpg\" width=\"427\" height=\"427\" alt=\"\"><\/div>\n\t\t\t\t\t<\/div>\n\t\t\t\t<\/div><\/div><\/div><\/div><\/div><div class=\"vc_row row-internal row-container\"><div class=\"row row-child\"><div class=\"wpb_row row-inner\"><div class=\"wpb_column pos-top pos-center align_center column_child col-lg-12 single-internal-gutter\"><div class=\"uncol style-light\" ><div class=\"uncoltable\"><div class=\"uncell no-block-padding\" ><div class=\"uncont\" ><div class=\"uncode_text_column\" ><p>Du hast Lust, dich f\u00fcr Nachhaltigkeit zu engagieren und gleichzeitig mehr \u00fcber Social Entrepreneurship zu lernen? Lass es uns gemeinsam tun &#8211; Melde dich einfach bei uns!<\/p>\n<\/div><\/div><\/div><\/div><\/div><\/div><\/div><\/div><\/div><div class=\"uncode-accordion wpb_accordion wpb_content_element  sign-size-rg w-border\" data-collapsible=\"no\" data-target=\"\" data-active-tab=\"0\" >\n\t\t<div class=\"panel-group wpb_wrapper wpb_accordion_wrapper\" id=\"accordion_1736886163\" data-no-toggle=\"\">\n\n<div class=\"panel panel-default wpb_accordion_section group  no-block-padding\"><div class=\"panel-heading wpb_accordion_header ui-accordion-header\"><p class=\"panel-title font-weight- text-   icon-size-rg\"><a data-toggle=\"collapse\" data-parent=\"#accordion_1736886163\" href=\"#1678195877512-1-5\"><span>Mehr Informationen<\/span><\/a><\/p><\/div><div id=\"1678195877512-1-5\" class=\"panel-collapse collapse\"><div class=\"panel-body wpb_accordion_content ui-accordion-content half-internal-gutter single-block-padding\">\n\t\t\t\t\t\t<div class=\"vc_row row-internal row-container\"><div class=\"row row-child\"><div class=\"wpb_row row-inner\"><div class=\"wpb_column pos-top pos-center align_left column_child col-lg-12 single-internal-gutter\"><div class=\"uncol style-light unexpand\" ><div class=\"uncoltable\"><div class=\"uncell no-block-padding\" ><div class=\"uncont\" ><div class=\"animate_when_almost_visible zoom-out icon-box icon-box-top\" data-delay=\"200\"><div class=\"icon-box-icon fa-container\"><span class=\"text-accent-color btn-disable-hover\"><i class=\"fa fa-rocket fa-3x fa-fw\"><\/i><\/span><\/div><div class=\"icon-box-content\"><div class=\"icon-box-heading icon-box-fa-3x\"><h4 class=\"fontsize-739966 font-weight-400\">Contact us<\/h4><\/div><p><strong>Verbinde Lifestyle mit Nachhaltigkeit<\/strong><\/p>\n<p>Wir zeigen durch unsere Arbeit, dass Nachhaltigkeit nicht mit Verzicht gleichzusetzen ist. Zeige deinen Kommilitonen, wie alltagstauglich Nachhaltigkeit sein kann.<\/p>\n<p><strong>Schaffe Impact &amp; Deine eigene Selbstverwirklichung vor Ort<\/strong><\/p>\n<p>Nutze Dein Wissen aus dem Studium, um nachhaltige Innovationen in Deinem Fachbereich zu entwickeln &#8211; damit wirst Du ein aktiver Changemaker und nimmst die Verantwortung f\u00fcr eine zukunftsf\u00e4hige Gesellschaft selbst in die Hand.<\/p>\n<p><strong>Starte eine Bewegung<\/strong><\/p>\n<p>Das einzigartige an INFINITY Deutschland e. V. und den Regionalgruppen ist der Spirit, der die Mitglieder verbindet, und der in jedem Projekt sp\u00fcrbar ist. Bring diese Begeisterung an Deine Universit\u00e4t und werde Teil von etwas Gro\u00dfem!<\/p>\n<p><strong>Melde Dich gerne bei <a href=\"mailto:Sprecher@Infinity-mannheim.de\">Sprecher@Infinity-mannheim.de<\/a> f\u00fcr weitere Informationen!<\/strong><\/p>\n<p><strong>Wir freuen uns darauf, dich bei einem der kommenden Projektabende kennenzulernen.<\/strong><\/p>\n<p>&nbsp;<\/p>\n<\/div><\/div><\/div><\/div><\/div><\/div><\/div><\/div><\/div><\/div><\/div><\/div><\/div>\n\t\t<\/div><\/div><\/div><\/div><\/div><\/div><\/div><div class=\"wpb_column pos-middle pos-center align_center column_parent col-lg-6 col-md-33 double-internal-gutter\"><div class=\"uncol style-light animate_when_almost_visible right-t-left\"  data-delay=\"600\"><div class=\"uncoltable\"><div class=\"uncell triple-block-padding style-color-xsdn-bg\" ><div class=\"uncont\" ><div class=\"vc_row row-internal row-container\"><div class=\"row unequal col-half-gutter row-child\"><div class=\"wpb_row row-inner\"><div class=\"wpb_column pos-top pos-center align_center column_child col-lg-12 no-internal-gutter\"><div class=\"uncol style-light\" ><div class=\"uncoltable\"><div class=\"uncell no-block-padding\" ><div class=\"uncont\" ><div class=\"vc_custom_heading_wrap\"><div class=\"heading-text el-text\" ><h2 class=\"font-weight-300\" ><span>Unternehmen<\/span><\/h2><\/div><div class=\"clear\"><\/div><\/div><div class=\"vc_custom_heading_wrap\"><div class=\"heading-text el-text\" ><h4 class=\"fontspace-111509 font-weight-200\" ><span>Unterst\u00fctzen Sie die GestalterInnen von Morgen!<\/span><\/h4><\/div><div class=\"clear\"><\/div><\/div><\/div><\/div><\/div><\/div><\/div><\/div><\/div><\/div><div class=\"uncode-single-media  text-center\"><div class=\"single-wrapper\" style=\"max-width: 50%;\"><div class=\"tmb tmb-light  tmb-img-ratio tmb-media-first tmb-media-last tmb-content-overlay tmb-no-bg\"><div class=\"t-inside\"><div class=\"t-entry-visual\"><div class=\"t-entry-visual-tc\"><div class=\"uncode-single-media-wrapper\"><div class=\"dummy\" style=\"padding-top: 100%;\"><\/div><img decoding=\"async\" class=\"wp-image-167\" src=\"https:\/\/infinity-mannheim.de\/wp-content\/uploads\/2021\/05\/Unternehmen-uai-427x427.jpg\" width=\"427\" height=\"427\" alt=\"\"><\/div>\n\t\t\t\t\t<\/div>\n\t\t\t\t<\/div><\/div><\/div><\/div><\/div><div class=\"vc_row row-internal row-container\"><div class=\"row row-child\"><div class=\"wpb_row row-inner\"><div class=\"wpb_column pos-top pos-center align_center column_child col-lg-12 single-internal-gutter\"><div class=\"uncol style-light\" ><div class=\"uncoltable\"><div class=\"uncell no-block-padding\" ><div class=\"uncont\" ><div class=\"uncode_text_column\" ><p>Wir gestalten eine nachhaltige Zukunft: Sie auch? Als strategischer Partner oder F\u00f6rderer werden Sie Teil einer wachsenden Vision und profitieren von unserem regionalen Netzwerk.<\/p>\n<\/div><\/div><\/div><\/div><\/div><\/div><\/div><\/div><\/div><div class=\"uncode-accordion wpb_accordion wpb_content_element  sign-size-rg w-border\" data-collapsible=\"no\" data-target=\"\" data-active-tab=\"0\" >\n\t\t<div class=\"panel-group wpb_wrapper wpb_accordion_wrapper\" id=\"accordion_1076650280\" data-no-toggle=\"\">\n\n<div class=\"panel panel-default wpb_accordion_section group  no-block-padding\"><div class=\"panel-heading wpb_accordion_header ui-accordion-header\"><p class=\"panel-title font-weight- text-   icon-size-rg\"><a data-toggle=\"collapse\" data-parent=\"#accordion_1076650280\" href=\"#1678192137-2-5\"><span>Mehr Informationen<\/span><\/a><\/p><\/div><div id=\"1678192137-2-5\" class=\"panel-collapse collapse\"><div class=\"panel-body wpb_accordion_content ui-accordion-content half-internal-gutter single-block-padding\">\n\t\t\t\t\t\t<div class=\"vc_row row-internal row-container\"><div class=\"row row-child\"><div class=\"wpb_row row-inner\"><div class=\"wpb_column pos-top pos-center align_left column_child col-lg-12 single-internal-gutter\"><div class=\"uncol style-light unexpand\" ><div class=\"uncoltable\"><div class=\"uncell no-block-padding\" ><div class=\"uncont\" ><div class=\"animate_when_almost_visible zoom-out icon-box icon-box-top\" data-delay=\"400\"><div class=\"icon-box-icon fa-container\"><span class=\"text-accent-color btn-disable-hover\"><i class=\"fa fa-group-outline fa-3x fa-fw\"><\/i><\/span><\/div><div class=\"icon-box-content\"><div class=\"icon-box-heading icon-box-fa-3x\"><h4 class=\"fontsize-739966 font-weight-500\">Contact us<\/h4><\/div><p><strong>Realisieren Sie einen Vortrag oder Workshop.<\/strong><span style=\"display: inline-block; width: 0px; overflow: hidden; line-height: 0;\" data-mce-type=\"bookmark\" class=\"mce_SELRES_start\"><\/span><br \/>\nIm Rahmen von Vortr\u00e4gen oder Workshops laden wir einen Vertreter Ihres Unternehmens dazu ein, unserem studentischen Publikum Ihre Sichtweise auf nachhaltige Herausforderungen und innovative L\u00f6sungsans\u00e4tze zu pr\u00e4sentieren.<\/p>\n<p><strong>Unterst\u00fctzen Sie bei der Umsetzung eines Projekts.<\/strong><br \/>\nBei der Entwicklung und Umsetzung von nachhaltigen Innovationen im Rahmen unserer Projektarbeit sind wir auf lokale strategische Partner angewiesen &#8211; lassen Sie uns die Zukunft gemeinsam gestalten!<\/p>\n<p><strong>Gewinnen Sie neue Perspektiven.<\/strong><br \/>\nUnsere Regionalgruppen diskutieren die neuesten Entwicklungen im Bereich der \u00f6kologischen Nachhaltigkeit und setzen durch die Umsetzung von eigenen Innova-tionen auch Impulse f\u00fcr etablierte Akteure am Markt.<\/p>\n<p><strong><br \/>\nF\u00fcr weitere Informationen k\u00f6nnen Sie uns jederzeit unter Vorstand@infinity-mannheim.de kontaktieren!<br \/>\nWir freuen uns auf eine gemeinsame Kooperation.<\/strong><\/p>\n<\/div><\/div><\/div><\/div><\/div><\/div><\/div><\/div><\/div><\/div><\/div><\/div><\/div>\n\t\t<\/div><\/div><\/div><\/div><\/div><\/div><\/div><script id=\"script-row-unique-0\" data-row=\"script-row-unique-0\" type=\"text\/javascript\" class=\"vc_controls\">UNCODE.initRow(document.getElementById(\"row-unique-0\"));<\/script><\/div><\/div><\/div><script id=\"script-mitmachen\" data-section=\"script-mitmachen\" type=\"text\/javascript\">UNCODE.initSection(document.getElementById(\"mitmachen\"));<\/script><\/div><\/section>\n<\/div>","protected":false},"excerpt":{"rendered":"StudierendeStarte dein eigenes Projekt bei uns! Du hast Lust, dich f\u00fcr Nachhaltigkeit zu engagieren und gleichzeitig mehr \u00fcber Social Entrepreneurship [...]","protected":false},"author":2,"featured_media":0,"parent":0,"menu_order":0,"comment_status":"closed","ping_status":"closed","template":"","meta":{"footnotes":""},"class_list":["post-85091","page","type-page","status-publish","hentry"],"yoast_head":"<!-- This site is optimized with the Yoast SEO plugin v27.4 - https:\/\/yoast.com\/product\/yoast-seo-wordpress\/ -->\n<title>Mitmachen - INFINITY Mannheim<\/title>\n<meta name=\"description\" content=\"Werde Teil von INFINITY Mannheim und gestalte nachhaltige Projekte mit. Engagiere dich gemeinsam mit Studierenden f\u00fcr eine bessere Zukunft\" \/>\n<meta name=\"robots\" content=\"index, follow, max-snippet:-1, max-image-preview:large, max-video-preview:-1\" \/>\n<link rel=\"canonical\" href=\"https:\/\/infinity-mannheim.de\/en\/mitmachen\/\" \/>\n<meta property=\"og:locale\" content=\"en_GB\" \/>\n<meta property=\"og:type\" content=\"article\" \/>\n<meta property=\"og:title\" content=\"Mitmachen - INFINITY Mannheim\" \/>\n<meta property=\"og:description\" content=\"Werde Teil von INFINITY Mannheim und gestalte nachhaltige Projekte mit. Engagiere dich gemeinsam mit Studierenden f\u00fcr eine bessere Zukunft\" \/>\n<meta property=\"og:url\" content=\"https:\/\/infinity-mannheim.de\/en\/mitmachen\/\" \/>\n<meta property=\"og:site_name\" content=\"INFINITY Mannheim\" \/>\n<meta property=\"article:modified_time\" content=\"2025-11-10T18:23:52+00:00\" \/>\n<meta property=\"og:image\" content=\"https:\/\/infinity-mannheim.de\/wp-content\/uploads\/2021\/09\/MicrosoftTeams-image.png\" \/>\n\t<meta property=\"og:image:width\" content=\"1000\" \/>\n\t<meta property=\"og:image:height\" content=\"1000\" \/>\n\t<meta property=\"og:image:type\" content=\"image\/png\" \/>\n<meta name=\"twitter:card\" content=\"summary_large_image\" \/>\n<meta name=\"twitter:label1\" content=\"Estimated reading time\" \/>\n\t<meta name=\"twitter:data1\" content=\"4 minutes\" \/>\n<script type=\"application\/ld+json\" class=\"yoast-schema-graph\">{\"@context\":\"https:\\\/\\\/schema.org\",\"@graph\":[{\"@type\":\"WebPage\",\"@id\":\"https:\\\/\\\/infinity-mannheim.de\\\/mitmachen\\\/\",\"url\":\"https:\\\/\\\/infinity-mannheim.de\\\/mitmachen\\\/\",\"name\":\"Mitmachen - INFINITY Mannheim\",\"isPartOf\":{\"@id\":\"https:\\\/\\\/infinity-mannheim.de\\\/#website\"},\"datePublished\":\"2023-03-07T11:13:22+00:00\",\"dateModified\":\"2025-11-10T18:23:52+00:00\",\"description\":\"Werde Teil von INFINITY Mannheim und gestalte nachhaltige Projekte mit. Engagiere dich gemeinsam mit Studierenden f\u00fcr eine bessere Zukunft\",\"breadcrumb\":{\"@id\":\"https:\\\/\\\/infinity-mannheim.de\\\/mitmachen\\\/#breadcrumb\"},\"inLanguage\":\"en-GB\",\"potentialAction\":[{\"@type\":\"ReadAction\",\"target\":[\"https:\\\/\\\/infinity-mannheim.de\\\/mitmachen\\\/\"]}]},{\"@type\":\"BreadcrumbList\",\"@id\":\"https:\\\/\\\/infinity-mannheim.de\\\/mitmachen\\\/#breadcrumb\",\"itemListElement\":[{\"@type\":\"ListItem\",\"position\":1,\"name\":\"Startseite\",\"item\":\"https:\\\/\\\/infinity-mannheim.de\\\/\"},{\"@type\":\"ListItem\",\"position\":2,\"name\":\"Mitmachen\"}]},{\"@type\":\"WebSite\",\"@id\":\"https:\\\/\\\/infinity-mannheim.de\\\/#website\",\"url\":\"https:\\\/\\\/infinity-mannheim.de\\\/\",\"name\":\"INFINITY Mannheim\",\"description\":\"Mannheim Studierendeninitiative f\u00fcr Social Entrepreneurship\",\"publisher\":{\"@id\":\"https:\\\/\\\/infinity-mannheim.de\\\/#organization\"},\"potentialAction\":[{\"@type\":\"SearchAction\",\"target\":{\"@type\":\"EntryPoint\",\"urlTemplate\":\"https:\\\/\\\/infinity-mannheim.de\\\/?s={search_term_string}\"},\"query-input\":{\"@type\":\"PropertyValueSpecification\",\"valueRequired\":true,\"valueName\":\"search_term_string\"}}],\"inLanguage\":\"en-GB\"},{\"@type\":\"Organization\",\"@id\":\"https:\\\/\\\/infinity-mannheim.de\\\/#organization\",\"name\":\"INFINITY Mannheim e.V.\",\"url\":\"https:\\\/\\\/infinity-mannheim.de\\\/\",\"logo\":{\"@type\":\"ImageObject\",\"inLanguage\":\"en-GB\",\"@id\":\"https:\\\/\\\/infinity-mannheim.de\\\/#\\\/schema\\\/logo\\\/image\\\/\",\"url\":\"https:\\\/\\\/infinity-mannheim.de\\\/wp-content\\\/uploads\\\/2021\\\/09\\\/Franziska-Jahn.png\",\"contentUrl\":\"https:\\\/\\\/infinity-mannheim.de\\\/wp-content\\\/uploads\\\/2021\\\/09\\\/Franziska-Jahn.png\",\"width\":1000,\"height\":1000,\"caption\":\"INFINITY Mannheim e.V.\"},\"image\":{\"@id\":\"https:\\\/\\\/infinity-mannheim.de\\\/#\\\/schema\\\/logo\\\/image\\\/\"},\"sameAs\":[\"https:\\\/\\\/www.instagram.com\\\/infinity_mannheim\\\/\",\"https:\\\/\\\/www.linkedin.com\\\/company\\\/infinity-mannheim-e-v-\\\/\"]}]}<\/script>\n<!-- \/ Yoast SEO plugin. -->","yoast_head_json":{"title":"Mitmachen - INFINITY Mannheim","description":"Werde Teil von INFINITY Mannheim und gestalte nachhaltige Projekte mit. Engagiere dich gemeinsam mit Studierenden f\u00fcr eine bessere Zukunft","robots":{"index":"index","follow":"follow","max-snippet":"max-snippet:-1","max-image-preview":"max-image-preview:large","max-video-preview":"max-video-preview:-1"},"canonical":"https:\/\/infinity-mannheim.de\/en\/mitmachen\/","og_locale":"en_GB","og_type":"article","og_title":"Mitmachen - INFINITY Mannheim","og_description":"Werde Teil von INFINITY Mannheim und gestalte nachhaltige Projekte mit. Engagiere dich gemeinsam mit Studierenden f\u00fcr eine bessere Zukunft","og_url":"https:\/\/infinity-mannheim.de\/en\/mitmachen\/","og_site_name":"INFINITY Mannheim","article_modified_time":"2025-11-10T18:23:52+00:00","og_image":[{"width":1000,"height":1000,"url":"https:\/\/infinity-mannheim.de\/wp-content\/uploads\/2021\/09\/MicrosoftTeams-image.png","type":"image\/png"}],"twitter_card":"summary_large_image","twitter_misc":{"Estimated reading time":"4 minutes"},"schema":{"@context":"https:\/\/schema.org","@graph":[{"@type":"WebPage","@id":"https:\/\/infinity-mannheim.de\/mitmachen\/","url":"https:\/\/infinity-mannheim.de\/mitmachen\/","name":"Mitmachen - INFINITY Mannheim","isPartOf":{"@id":"https:\/\/infinity-mannheim.de\/#website"},"datePublished":"2023-03-07T11:13:22+00:00","dateModified":"2025-11-10T18:23:52+00:00","description":"Werde Teil von INFINITY Mannheim und gestalte nachhaltige Projekte mit. Engagiere dich gemeinsam mit Studierenden f\u00fcr eine bessere Zukunft","breadcrumb":{"@id":"https:\/\/infinity-mannheim.de\/mitmachen\/#breadcrumb"},"inLanguage":"en-GB","potentialAction":[{"@type":"ReadAction","target":["https:\/\/infinity-mannheim.de\/mitmachen\/"]}]},{"@type":"BreadcrumbList","@id":"https:\/\/infinity-mannheim.de\/mitmachen\/#breadcrumb","itemListElement":[{"@type":"ListItem","position":1,"name":"Startseite","item":"https:\/\/infinity-mannheim.de\/"},{"@type":"ListItem","position":2,"name":"Mitmachen"}]},{"@type":"WebSite","@id":"https:\/\/infinity-mannheim.de\/#website","url":"https:\/\/infinity-mannheim.de\/","name":"INFINITY Mannheim","description":"Mannheim Studierendeninitiative f\u00fcr Social Entrepreneurship","publisher":{"@id":"https:\/\/infinity-mannheim.de\/#organization"},"potentialAction":[{"@type":"SearchAction","target":{"@type":"EntryPoint","urlTemplate":"https:\/\/infinity-mannheim.de\/?s={search_term_string}"},"query-input":{"@type":"PropertyValueSpecification","valueRequired":true,"valueName":"search_term_string"}}],"inLanguage":"en-GB"},{"@type":"Organization","@id":"https:\/\/infinity-mannheim.de\/#organization","name":"INFINITY Mannheim e.V.","url":"https:\/\/infinity-mannheim.de\/","logo":{"@type":"ImageObject","inLanguage":"en-GB","@id":"https:\/\/infinity-mannheim.de\/#\/schema\/logo\/image\/","url":"https:\/\/infinity-mannheim.de\/wp-content\/uploads\/2021\/09\/Franziska-Jahn.png","contentUrl":"https:\/\/infinity-mannheim.de\/wp-content\/uploads\/2021\/09\/Franziska-Jahn.png","width":1000,"height":1000,"caption":"INFINITY Mannheim e.V."},"image":{"@id":"https:\/\/infinity-mannheim.de\/#\/schema\/logo\/image\/"},"sameAs":["https:\/\/www.instagram.com\/infinity_mannheim\/","https:\/\/www.linkedin.com\/company\/infinity-mannheim-e-v-\/"]}]}},"jetpack_sharing_enabled":true,"_links":{"self":[{"href":"https:\/\/infinity-mannheim.de\/en\/wp-json\/wp\/v2\/pages\/85091","targetHints":{"allow":["GET"]}}],"collection":[{"href":"https:\/\/infinity-mannheim.de\/en\/wp-json\/wp\/v2\/pages"}],"about":[{"href":"https:\/\/infinity-mannheim.de\/en\/wp-json\/wp\/v2\/types\/page"}],"author":[{"embeddable":true,"href":"https:\/\/infinity-mannheim.de\/en\/wp-json\/wp\/v2\/users\/2"}],"replies":[{"embeddable":true,"href":"https:\/\/infinity-mannheim.de\/en\/wp-json\/wp\/v2\/comments?post=85091"}],"version-history":[{"count":76,"href":"https:\/\/infinity-mannheim.de\/en\/wp-json\/wp\/v2\/pages\/85091\/revisions"}],"predecessor-version":[{"id":86588,"href":"https:\/\/infinity-mannheim.de\/en\/wp-json\/wp\/v2\/pages\/85091\/revisions\/86588"}],"wp:attachment":[{"href":"https:\/\/infinity-mannheim.de\/en\/wp-json\/wp\/v2\/media?parent=85091"}],"curies":[{"name":"wp","href":"https:\/\/api.w.org\/{rel}","templated":true}]}}