{"id":86,"date":"2021-05-09T10:41:46","date_gmt":"2021-05-09T10:41:46","guid":{"rendered":"http:\/\/intern.infinity-mannheim.de\/?page_id=86"},"modified":"2025-04-29T09:48:44","modified_gmt":"2025-04-29T09:48:44","slug":"studierende","status":"publish","type":"page","link":"https:\/\/infinity-mannheim.de\/en\/studierende\/","title":{"rendered":"Studierende"},"content":{"rendered":"<div class=\"wpb-content-wrapper\"><div data-parent=\"true\" class=\"vc_row style-accent-bg row-container desktop-hidden tablet-hidden mobile-hidden\" id=\"row-unique-0\"><div class=\"row-background background-element\">\n\t\t\t\t\t\t\t\t\t\t\t<div class=\"background-wrapper\">\n\t\t\t\t\t\t\t\t\t\t\t\t<div class=\"background-inner\" style=\"background-repeat: no-repeat;background-position: center center;background-attachment: scroll;background-size: cover;\"><\/div>\n\t\t\t\t\t\t\t\t\t\t\t\t<div class=\"block-bg-overlay style-color-rgdb-bg\" style=\"opacity: 0.75;\"><\/div>\n\t\t\t\t\t\t\t\t\t\t\t<\/div>\n\t\t\t\t\t\t\t\t\t\t<\/div><div class=\"row single-top-padding single-bottom-padding single-h-padding limit-width row-parent\"><div class=\"wpb_row row-inner\"><div class=\"wpb_column pos-middle pos-center align_center column_parent col-lg-12 single-internal-gutter\"><div class=\"uncol style-dark font-762333 unexpand\"  ><div class=\"uncoltable\"><div class=\"uncell single-block-padding\" ><div class=\"uncont\" ><div class=\"vc_custom_heading_wrap\"><div class=\"heading-text el-text\" ><h3 class=\"fontsize-111225 font-weight-500\" ><span>Du willst eine INFINITY-Regionalgruppe an Deiner Universit\u00e4t oder Hochschule gr\u00fcnden?\u00a0Unsere Kooperationspartner\u00a0sowie unser bundesweite Netzwerk unterst\u00fctzen Dich bei der Umsetzung.<\/span><\/h3><\/div><div class=\"clear\"><\/div><\/div><\/div><\/div><\/div><\/div><\/div><script id=\"script-row-unique-0\" data-row=\"script-row-unique-0\" type=\"text\/javascript\" class=\"vc_controls\">UNCODE.initRow(document.getElementById(\"row-unique-0\"));<\/script><\/div><\/div><\/div><div data-parent=\"true\" class=\"vc_row row-container\" id=\"row-unique-1\"><div class=\"row unequal col-no-gutter no-top-padding no-bottom-padding no-h-padding full-width row-parent\" data-height-ratio=\"50\"><div class=\"wpb_row row-inner\"><div class=\"wpb_column pos-top pos-center align_left column_parent col-lg-6 no-internal-gutter\"><div class=\"uncol style-light\"  ><div class=\"uncoltable\"><div class=\"uncell no-block-padding\" ><div class=\"uncont\" ><div class=\"vc_row style-color-lxmt-bg row-internal row-container\"><div class=\"row row-child\" data-height=\"20\"><div class=\"wpb_row row-inner\"><div class=\"wpb_column pos-top pos-center align_left column_child col-lg-12 single-internal-gutter\"><div class=\"uncol style-light\" ><div class=\"uncoltable\"><div class=\"uncell triple-block-padding\" ><div class=\"uncont\" ><div class=\"vc_custom_heading_wrap\"><div class=\"heading-text el-text\" ><h3 class=\"h3 fontspace-781688 font-weight-500\" ><span>Gestalte eine nachhaltige Zukunft in unserer Gesellschaft<\/span><\/h3><hr class=\"separator-break separator-accent\" \/><\/div><div class=\"clear\"><\/div><\/div><\/div><\/div><\/div><\/div><\/div><\/div><\/div><\/div><div class=\"vc_row row-internal row-container\"><div class=\"row unequal col-no-gutter row-child\" data-height=\"40\"><div class=\"wpb_row row-inner\"><div class=\"wpb_column pos-top pos-center align_left column_child col-lg-6 single-internal-gutter\"><div class=\"uncol style-light\" ><div class=\"uncoltable\"><div class=\"uncell triple-block-padding style-color-gyho-bg\" ><div class=\"uncont\" ><div class=\"animate_when_almost_visible zoom-out icon-box icon-box-top\" data-delay=\"400\"><div class=\"icon-box-icon fa-container\"><span class=\"text-accent-color btn-disable-hover\"><i class=\"fa fa-group-outline fa-3x fa-fw\"><\/i><\/span><\/div><div class=\"icon-box-content\"><div class=\"icon-box-heading icon-box-fa-3x\"><h2 class=\"fontsize-739966 font-weight-400\">Starte eine Bewegung<\/h2><\/div><p>Das einzigartige an INFINITY Deutschland e. V. und den Regionalgruppen ist der Spirit, der die Mitglieder verbindet, und der in jedem Projekt sp\u00fcrbar ist. Bring diese Begeisterung an Deine Universit\u00e4t und werde Teil von etwas Gro\u00dfem!<\/p>\n<\/div><\/div><\/div><\/div><\/div><\/div><\/div><div class=\"wpb_column pos-top pos-center align_left column_child col-lg-6 single-internal-gutter\"><div class=\"uncol style-light\" ><div class=\"uncoltable\"><div class=\"uncell triple-block-padding style-color-uydo-bg\" ><div class=\"uncont\" ><div class=\"animate_when_almost_visible zoom-out icon-box icon-box-top\" data-delay=\"200\"><div class=\"icon-box-icon fa-container\"><span class=\"text-accent-color btn-disable-hover\"><i class=\"fa fa-star fa-3x fa-fw\"><\/i><\/span><\/div><div class=\"icon-box-content\"><div class=\"icon-box-heading icon-box-fa-3x\"><h4 class=\"fontsize-739966 font-weight-500\">Schaffe Impact vor Ort<\/h4><\/div><p>Nutze Dein Wissen aus dem Studium, um nachhaltige Innovationen in Deinem Fachbereich zu entwickeln &#8211; damit wirst Du ein aktiver Changemaker und nimmst die Verantwortung f\u00fcr eine zukunftsf\u00e4hige Gesellschaft selbst in die Hand.<\/p>\n<\/div><\/div><\/div><\/div><\/div><\/div><\/div><\/div><\/div><\/div><\/div><\/div><\/div><\/div><\/div><div class=\"wpb_column pos-top pos-center align_left column_parent col-lg-6 tablet-hidden mobile-hidden single-internal-gutter\"><div class=\"uncol style-light\"  ><div class=\"uncoltable\"><div class=\"uncell single-block-padding\" ><div class=\"column-background background-element\">\n\t\t\t\t\t\t\t\t\t\t\t<div class=\"background-wrapper\">\n\t\t\t\t\t\t\t\t\t\t\t\t<div class=\"background-inner\" style=\"background-image: url(https:\/\/infinity-mannheim.de\/wp-content\/uploads\/2021\/05\/Studierende_Mannheim.jpg);background-repeat: no-repeat;background-position: center center;background-size: cover;\" data-o_src=\"https:\/\/infinity-mannheim.de\/wp-content\/uploads\/2021\/05\/Studierende_Mannheim.jpg\"><\/div>\n\t\t\t\t\t\t\t\t\t\t\t\t\n\t\t\t\t\t\t\t\t\t\t\t<\/div>\n\t\t\t\t\t\t\t\t\t\t<\/div><div class=\"uncont\" ><\/div><\/div><\/div><\/div><\/div><script id=\"script-row-unique-1\" data-row=\"script-row-unique-1\" type=\"text\/javascript\" class=\"vc_controls\">UNCODE.initRow(document.getElementById(\"row-unique-1\"));<\/script><\/div><\/div><\/div><div data-parent=\"true\" class=\"vc_row row-container\" id=\"row-unique-2\"><div class=\"row unequal col-no-gutter no-top-padding no-bottom-padding no-h-padding full-width row-parent\" data-height-ratio=\"30\"><div class=\"wpb_row row-inner\"><div class=\"wpb_column pos-top pos-center align_left column_parent col-lg-6 tablet-hidden mobile-hidden single-internal-gutter\"><div class=\"uncol style-light\"  ><div class=\"uncoltable\"><div class=\"uncell single-block-padding\" ><div class=\"column-background background-element\">\n\t\t\t\t\t\t\t\t\t\t\t<div class=\"background-wrapper\">\n\t\t\t\t\t\t\t\t\t\t\t\t<div class=\"background-inner\" style=\"background-image: url(https:\/\/infinity-mannheim.de\/wp-content\/uploads\/2021\/05\/Studierende_Mannheim_2.jpg);background-repeat: no-repeat;background-position: center center;background-size: cover;\" data-o_src=\"https:\/\/infinity-mannheim.de\/wp-content\/uploads\/2021\/05\/Studierende_Mannheim_2.jpg\"><\/div>\n\t\t\t\t\t\t\t\t\t\t\t\t\n\t\t\t\t\t\t\t\t\t\t\t<\/div>\n\t\t\t\t\t\t\t\t\t\t<\/div><div class=\"uncont\" ><\/div><\/div><\/div><\/div><\/div><div class=\"wpb_column pos-top pos-center align_left column_parent col-lg-6 no-internal-gutter\"><div class=\"uncol style-light\"  ><div class=\"uncoltable\"><div class=\"uncell no-block-padding\" ><div class=\"uncont\" ><div class=\"vc_row style-color-lxmt-bg row-internal row-container\"><div class=\"row row-child\" data-height=\"25\"><div class=\"wpb_row row-inner\"><div class=\"wpb_column pos-top pos-center align_left column_child col-lg-12 single-internal-gutter\"><div class=\"uncol style-light\" ><div class=\"uncoltable\"><div class=\"uncell triple-block-padding\" ><div class=\"uncont\" ><div class=\"vc_custom_heading_wrap\"><div class=\"heading-text el-text\" ><h3 class=\"h3 fontspace-781688 font-weight-500\" ><span>Nachhaltigkeit trifft auf\u00a0Lifestyle!<\/span><\/h3><hr class=\"separator-break separator-accent\" \/><\/div><div class=\"clear\"><\/div><\/div><\/div><\/div><\/div><\/div><\/div><\/div><\/div><\/div><div class=\"vc_row row-internal row-container\"><div class=\"row unequal col-no-gutter row-child\" data-height=\"30\"><div class=\"wpb_row row-inner\"><div class=\"wpb_column pos-top pos-center align_left column_child col-lg-6 single-internal-gutter\"><div class=\"uncol style-light\" ><div class=\"uncoltable\"><div class=\"uncell triple-block-padding style-color-gyho-bg\" ><div class=\"uncont\" ><div class=\"animate_when_almost_visible zoom-out icon-box icon-box-top\" data-delay=\"400\"><div class=\"icon-box-icon fa-container\"><span class=\"text-accent-color btn-disable-hover\"><i class=\"fa fa-leaf fa-3x fa-fw\"><\/i><\/span><\/div><div class=\"icon-box-content\"><div class=\"icon-box-heading icon-box-fa-3x\"><h3 class=\"fontsize-739966 font-weight-400\">Verbinde Lifestyle mit Nachhaltigkeit<\/h3><\/div><p>Wir zeigen durch unsere Arbeit, dass Nachhaltigkeit nicht mit Verzicht gleichzusetzen ist. Zeige deinen Kommilitonen, wie alltagstauglich Nachhaltigkeit sein kann.<\/p>\n<\/div><\/div><\/div><\/div><\/div><\/div><\/div><div class=\"wpb_column pos-top pos-center align_left column_child col-lg-6 single-internal-gutter\"><div class=\"uncol style-light\" ><div class=\"uncoltable\"><div class=\"uncell triple-block-padding style-color-uydo-bg\" ><div class=\"uncont\" ><div class=\"animate_when_almost_visible zoom-out icon-box icon-box-top\" data-delay=\"200\"><div class=\"icon-box-icon fa-container\"><span class=\"text-accent-color btn-disable-hover\"><i class=\"fa fa-rocket fa-3x fa-fw\"><\/i><\/span><\/div><div class=\"icon-box-content\"><div class=\"icon-box-heading icon-box-fa-3x\"><h4 class=\"fontsize-739966 font-weight-400\">Verwirkliche Dich selbst und wachse<\/h4><\/div><p>Durch Dein Engagement kannst Du Dich nicht nur fachlich weiterentwickeln, Du gewinnst auch neues Wissen und erweiterst vor allem Deine pers\u00f6nlichen Kompetenzen.<strong>\u00a0<\/strong>Im Laufe der Zeit kommst Du auch in Kontakt mit f\u00fchrenden Pers\u00f6nlichkeiten &#8211; nutze dieses Netzwerk, um Dich f\u00fcr Deine eigene berufliche Zukunft aufzustellen.<\/p>\n<\/div><\/div><\/div><\/div><\/div><\/div><\/div><\/div><\/div><\/div><\/div><\/div><\/div><\/div><\/div><script id=\"script-row-unique-2\" data-row=\"script-row-unique-2\" type=\"text\/javascript\" class=\"vc_controls\">UNCODE.initRow(document.getElementById(\"row-unique-2\"));<\/script><\/div><\/div><\/div><div data-parent=\"true\" class=\"vc_row row-container\" id=\"row-unique-3\"><div class=\"row col-no-gutter no-top-padding no-bottom-padding no-h-padding full-width row-parent\"><div class=\"wpb_row row-inner\"><script id=\"script-row-unique-3\" data-row=\"script-row-unique-3\" type=\"text\/javascript\" class=\"vc_controls\">UNCODE.initRow(document.getElementById(\"row-unique-3\"));<\/script><\/div><\/div><\/div><div data-parent=\"true\" class=\"vc_row row-container\" id=\"row-unique-4\"><div class=\"row limit-width row-parent\"><div class=\"wpb_row row-inner\"><div class=\"wpb_column pos-top pos-center align_center column_parent col-lg-12 single-internal-gutter\"><div class=\"uncol style-light\"  ><div class=\"uncoltable\"><div class=\"uncell no-block-padding\" ><div class=\"uncont\" ><span class=\"btn-container\" ><a role=\"button\"  href=\"https:\/\/infinity-mannheim.de\/en\/kontakt\/\" class=\"custom-link btn border-width-0 btn-accent btn-round btn-icon-left\">Meld Dich bei uns!<\/a><\/span><\/div><\/div><\/div><\/div><\/div><script id=\"script-row-unique-4\" data-row=\"script-row-unique-4\" type=\"text\/javascript\" class=\"vc_controls\">UNCODE.initRow(document.getElementById(\"row-unique-4\"));<\/script><\/div><\/div><\/div>\n<\/div>","protected":false},"excerpt":{"rendered":"Du willst eine INFINITY-Regionalgruppe an Deiner Universit\u00e4t oder Hochschule gr\u00fcnden?\u00a0Unsere Kooperationspartner\u00a0sowie unser bundesweite Netzwerk unterst\u00fctzen Dich bei der Umsetzung.Gestalte eine [...]","protected":false},"author":1,"featured_media":0,"parent":0,"menu_order":0,"comment_status":"closed","ping_status":"closed","template":"","meta":{"footnotes":""},"class_list":["post-86","page","type-page","status-publish","hentry"],"yoast_head":"<!-- This site is optimized with the Yoast SEO plugin v27.5 - https:\/\/yoast.com\/product\/yoast-seo-wordpress\/ -->\n<title>Studierende - INFINITY Mannheim<\/title>\n<meta name=\"description\" content=\"Gestalte mit INFINITY Mannheim nachhaltige Projekte: Werde Teil unserer studentischen Initiative und entwickle innovative L\u00f6sungen\" \/>\n<meta name=\"robots\" content=\"index, follow, max-snippet:-1, max-image-preview:large, max-video-preview:-1\" \/>\n<link rel=\"canonical\" href=\"https:\/\/infinity-mannheim.de\/en\/studierende\/\" \/>\n<meta property=\"og:locale\" content=\"en_GB\" \/>\n<meta property=\"og:type\" content=\"article\" \/>\n<meta property=\"og:title\" content=\"Studierende - INFINITY Mannheim\" \/>\n<meta property=\"og:description\" content=\"Gestalte mit INFINITY Mannheim nachhaltige Projekte: Werde Teil unserer studentischen Initiative und entwickle innovative L\u00f6sungen\" \/>\n<meta property=\"og:url\" content=\"https:\/\/infinity-mannheim.de\/en\/studierende\/\" \/>\n<meta property=\"og:site_name\" content=\"INFINITY Mannheim\" \/>\n<meta property=\"article:modified_time\" content=\"2025-04-29T09:48:44+00:00\" \/>\n<meta property=\"og:image\" content=\"https:\/\/infinity-mannheim.de\/wp-content\/uploads\/2021\/09\/MicrosoftTeams-image.png\" \/>\n\t<meta property=\"og:image:width\" content=\"1000\" \/>\n\t<meta property=\"og:image:height\" content=\"1000\" \/>\n\t<meta property=\"og:image:type\" content=\"image\/png\" \/>\n<meta name=\"twitter:card\" content=\"summary_large_image\" \/>\n<meta name=\"twitter:label1\" content=\"Estimated reading time\" \/>\n\t<meta name=\"twitter:data1\" content=\"3 minutes\" \/>\n<script type=\"application\/ld+json\" class=\"yoast-schema-graph\">{\"@context\":\"https:\\\/\\\/schema.org\",\"@graph\":[{\"@type\":\"WebPage\",\"@id\":\"https:\\\/\\\/infinity-mannheim.de\\\/studierende\\\/\",\"url\":\"https:\\\/\\\/infinity-mannheim.de\\\/studierende\\\/\",\"name\":\"Studierende - INFINITY Mannheim\",\"isPartOf\":{\"@id\":\"https:\\\/\\\/infinity-mannheim.de\\\/#website\"},\"datePublished\":\"2021-05-09T10:41:46+00:00\",\"dateModified\":\"2025-04-29T09:48:44+00:00\",\"description\":\"Gestalte mit INFINITY Mannheim nachhaltige Projekte: Werde Teil unserer studentischen Initiative und entwickle innovative L\u00f6sungen\",\"breadcrumb\":{\"@id\":\"https:\\\/\\\/infinity-mannheim.de\\\/studierende\\\/#breadcrumb\"},\"inLanguage\":\"en-GB\",\"potentialAction\":[{\"@type\":\"ReadAction\",\"target\":[\"https:\\\/\\\/infinity-mannheim.de\\\/studierende\\\/\"]}]},{\"@type\":\"BreadcrumbList\",\"@id\":\"https:\\\/\\\/infinity-mannheim.de\\\/studierende\\\/#breadcrumb\",\"itemListElement\":[{\"@type\":\"ListItem\",\"position\":1,\"name\":\"Startseite\",\"item\":\"https:\\\/\\\/infinity-mannheim.de\\\/\"},{\"@type\":\"ListItem\",\"position\":2,\"name\":\"Studierende\"}]},{\"@type\":\"WebSite\",\"@id\":\"https:\\\/\\\/infinity-mannheim.de\\\/#website\",\"url\":\"https:\\\/\\\/infinity-mannheim.de\\\/\",\"name\":\"INFINITY Mannheim\",\"description\":\"Mannheim Studierendeninitiative f\u00fcr Social Entrepreneurship\",\"publisher\":{\"@id\":\"https:\\\/\\\/infinity-mannheim.de\\\/#organization\"},\"potentialAction\":[{\"@type\":\"SearchAction\",\"target\":{\"@type\":\"EntryPoint\",\"urlTemplate\":\"https:\\\/\\\/infinity-mannheim.de\\\/?s={search_term_string}\"},\"query-input\":{\"@type\":\"PropertyValueSpecification\",\"valueRequired\":true,\"valueName\":\"search_term_string\"}}],\"inLanguage\":\"en-GB\"},{\"@type\":\"Organization\",\"@id\":\"https:\\\/\\\/infinity-mannheim.de\\\/#organization\",\"name\":\"INFINITY Mannheim e.V.\",\"url\":\"https:\\\/\\\/infinity-mannheim.de\\\/\",\"logo\":{\"@type\":\"ImageObject\",\"inLanguage\":\"en-GB\",\"@id\":\"https:\\\/\\\/infinity-mannheim.de\\\/#\\\/schema\\\/logo\\\/image\\\/\",\"url\":\"https:\\\/\\\/infinity-mannheim.de\\\/wp-content\\\/uploads\\\/2021\\\/09\\\/Franziska-Jahn.png\",\"contentUrl\":\"https:\\\/\\\/infinity-mannheim.de\\\/wp-content\\\/uploads\\\/2021\\\/09\\\/Franziska-Jahn.png\",\"width\":1000,\"height\":1000,\"caption\":\"INFINITY Mannheim e.V.\"},\"image\":{\"@id\":\"https:\\\/\\\/infinity-mannheim.de\\\/#\\\/schema\\\/logo\\\/image\\\/\"},\"sameAs\":[\"https:\\\/\\\/www.instagram.com\\\/infinity_mannheim\\\/\",\"https:\\\/\\\/www.linkedin.com\\\/company\\\/infinity-mannheim-e-v-\\\/\"]}]}<\/script>\n<!-- \/ Yoast SEO plugin. -->","yoast_head_json":{"title":"Studierende - INFINITY Mannheim","description":"Gestalte mit INFINITY Mannheim nachhaltige Projekte: Werde Teil unserer studentischen Initiative und entwickle innovative L\u00f6sungen","robots":{"index":"index","follow":"follow","max-snippet":"max-snippet:-1","max-image-preview":"max-image-preview:large","max-video-preview":"max-video-preview:-1"},"canonical":"https:\/\/infinity-mannheim.de\/en\/studierende\/","og_locale":"en_GB","og_type":"article","og_title":"Studierende - INFINITY Mannheim","og_description":"Gestalte mit INFINITY Mannheim nachhaltige Projekte: Werde Teil unserer studentischen Initiative und entwickle innovative L\u00f6sungen","og_url":"https:\/\/infinity-mannheim.de\/en\/studierende\/","og_site_name":"INFINITY Mannheim","article_modified_time":"2025-04-29T09:48:44+00:00","og_image":[{"width":1000,"height":1000,"url":"https:\/\/infinity-mannheim.de\/wp-content\/uploads\/2021\/09\/MicrosoftTeams-image.png","type":"image\/png"}],"twitter_card":"summary_large_image","twitter_misc":{"Estimated reading time":"3 minutes"},"schema":{"@context":"https:\/\/schema.org","@graph":[{"@type":"WebPage","@id":"https:\/\/infinity-mannheim.de\/studierende\/","url":"https:\/\/infinity-mannheim.de\/studierende\/","name":"Studierende - INFINITY Mannheim","isPartOf":{"@id":"https:\/\/infinity-mannheim.de\/#website"},"datePublished":"2021-05-09T10:41:46+00:00","dateModified":"2025-04-29T09:48:44+00:00","description":"Gestalte mit INFINITY Mannheim nachhaltige Projekte: Werde Teil unserer studentischen Initiative und entwickle innovative L\u00f6sungen","breadcrumb":{"@id":"https:\/\/infinity-mannheim.de\/studierende\/#breadcrumb"},"inLanguage":"en-GB","potentialAction":[{"@type":"ReadAction","target":["https:\/\/infinity-mannheim.de\/studierende\/"]}]},{"@type":"BreadcrumbList","@id":"https:\/\/infinity-mannheim.de\/studierende\/#breadcrumb","itemListElement":[{"@type":"ListItem","position":1,"name":"Startseite","item":"https:\/\/infinity-mannheim.de\/"},{"@type":"ListItem","position":2,"name":"Studierende"}]},{"@type":"WebSite","@id":"https:\/\/infinity-mannheim.de\/#website","url":"https:\/\/infinity-mannheim.de\/","name":"INFINITY Mannheim","description":"Mannheim Studierendeninitiative f\u00fcr Social Entrepreneurship","publisher":{"@id":"https:\/\/infinity-mannheim.de\/#organization"},"potentialAction":[{"@type":"SearchAction","target":{"@type":"EntryPoint","urlTemplate":"https:\/\/infinity-mannheim.de\/?s={search_term_string}"},"query-input":{"@type":"PropertyValueSpecification","valueRequired":true,"valueName":"search_term_string"}}],"inLanguage":"en-GB"},{"@type":"Organization","@id":"https:\/\/infinity-mannheim.de\/#organization","name":"INFINITY Mannheim e.V.","url":"https:\/\/infinity-mannheim.de\/","logo":{"@type":"ImageObject","inLanguage":"en-GB","@id":"https:\/\/infinity-mannheim.de\/#\/schema\/logo\/image\/","url":"https:\/\/infinity-mannheim.de\/wp-content\/uploads\/2021\/09\/Franziska-Jahn.png","contentUrl":"https:\/\/infinity-mannheim.de\/wp-content\/uploads\/2021\/09\/Franziska-Jahn.png","width":1000,"height":1000,"caption":"INFINITY Mannheim e.V."},"image":{"@id":"https:\/\/infinity-mannheim.de\/#\/schema\/logo\/image\/"},"sameAs":["https:\/\/www.instagram.com\/infinity_mannheim\/","https:\/\/www.linkedin.com\/company\/infinity-mannheim-e-v-\/"]}]}},"jetpack_sharing_enabled":true,"_links":{"self":[{"href":"https:\/\/infinity-mannheim.de\/en\/wp-json\/wp\/v2\/pages\/86","targetHints":{"allow":["GET"]}}],"collection":[{"href":"https:\/\/infinity-mannheim.de\/en\/wp-json\/wp\/v2\/pages"}],"about":[{"href":"https:\/\/infinity-mannheim.de\/en\/wp-json\/wp\/v2\/types\/page"}],"author":[{"embeddable":true,"href":"https:\/\/infinity-mannheim.de\/en\/wp-json\/wp\/v2\/users\/1"}],"replies":[{"embeddable":true,"href":"https:\/\/infinity-mannheim.de\/en\/wp-json\/wp\/v2\/comments?post=86"}],"version-history":[{"count":8,"href":"https:\/\/infinity-mannheim.de\/en\/wp-json\/wp\/v2\/pages\/86\/revisions"}],"predecessor-version":[{"id":86339,"href":"https:\/\/infinity-mannheim.de\/en\/wp-json\/wp\/v2\/pages\/86\/revisions\/86339"}],"wp:attachment":[{"href":"https:\/\/infinity-mannheim.de\/en\/wp-json\/wp\/v2\/media?parent=86"}],"curies":[{"name":"wp","href":"https:\/\/api.w.org\/{rel}","templated":true}]}}