{"id":90,"date":"2021-05-09T10:43:29","date_gmt":"2021-05-09T10:43:29","guid":{"rendered":"http:\/\/intern.infinity-mannheim.de\/?page_id=90"},"modified":"2025-04-29T10:05:52","modified_gmt":"2025-04-29T10:05:52","slug":"unternehmen","status":"publish","type":"page","link":"https:\/\/infinity-mannheim.de\/en\/unternehmen\/","title":{"rendered":"Unternehmen"},"content":{"rendered":"<div class=\"wpb-content-wrapper\"><div data-parent=\"true\" class=\"vc_row style-color-lxmt-bg vc_custom_1545237763144 border-color-gyho-color row-container with-parallax desktop-hidden tablet-hidden mobile-hidden\" style=\"border-style: solid;border-top-width: 0px ;border-bottom-width: 1px ;\" id=\"row-unique-0\"><div class=\"row-background background-element\">\n\t\t\t\t\t\t\t\t\t\t\t<div class=\"background-wrapper\">\n\t\t\t\t\t\t\t\t\t\t\t\t<div class=\"background-inner\" style=\"background-repeat: no-repeat;background-position: center top;background-size: cover;\"><\/div>\n\t\t\t\t\t\t\t\t\t\t\t\t\n\t\t\t\t\t\t\t\t\t\t\t<\/div>\n\t\t\t\t\t\t\t\t\t\t<\/div><div class=\"row triple-top-padding triple-bottom-padding one-h-padding limit-width row-parent\"><div class=\"wpb_row row-inner\"><div class=\"wpb_column pos-middle pos-center align_center column_parent col-lg-12 single-internal-gutter\"><div class=\"uncol style-light font-762333\"  ><div class=\"uncoltable\"><div class=\"uncell\" ><div class=\"uncont no-block-padding col-custom-width\" style=\" max-width:900px;\" ><div class=\"vc_custom_heading_wrap\"><div class=\"heading-text el-text\" ><h1 class=\"font-762333 h1 fontspace-781688 text-capitalize\" ><span>Unternehmen<\/span><\/h1><div class=\"text-lead text-top-reduced\"><p>Wir gestalten eine nachhaltige Zukunft, Sie auch? Als strategischer Sparringspartner oder finanzieller F\u00f6rderer werden Sie Teil einer wachsenden Bewegung und profitieren von der bundesweiten Verbreitung unseres Netzwerks.<\/p>\n<\/div><\/div><div class=\"clear\"><\/div><\/div><\/div><\/div><\/div><\/div><\/div><script id=\"script-row-unique-0\" data-row=\"script-row-unique-0\" type=\"text\/javascript\" class=\"vc_controls\">UNCODE.initRow(document.getElementById(\"row-unique-0\"));<\/script><\/div><\/div><\/div><div data-parent=\"true\" class=\"vc_row row-container\" id=\"row-unique-1\"><div class=\"row-background background-element\">\n\t\t\t\t\t\t\t\t\t\t\t<div class=\"background-wrapper\">\n\t\t\t\t\t\t\t\t\t\t\t\t<div class=\"background-inner\" style=\"background-image: url(https:\/\/infinity-mannheim.de\/wp-content\/uploads\/2021\/05\/Unternehmen_3-scaled.jpg);background-repeat: no-repeat;background-position: center center;background-attachment: scroll;background-size: cover;\"><\/div>\n\t\t\t\t\t\t\t\t\t\t\t\t\n\t\t\t\t\t\t\t\t\t\t\t<\/div>\n\t\t\t\t\t\t\t\t\t\t<\/div><div class=\"row unequal col-no-gutter no-top-padding no-bottom-padding no-h-padding full-width row-parent\" data-height-ratio=\"50\"><div class=\"wpb_row row-inner\"><div class=\"wpb_column pos-top pos-center align_left column_parent col-lg-6 no-internal-gutter\"><div class=\"uncol style-light\"  ><div class=\"uncoltable\"><div class=\"uncell no-block-padding\" ><div class=\"uncont\" ><div class=\"vc_row style-color-lxmt-bg row-internal row-container\"><div class=\"row row-child\" data-height=\"25\"><div class=\"wpb_row row-inner\"><div class=\"wpb_column pos-top pos-center align_left column_child col-lg-12 single-internal-gutter\"><div class=\"uncol style-light\" ><div class=\"uncoltable\"><div class=\"uncell triple-block-padding\" ><div class=\"uncont\" ><div class=\"vc_custom_heading_wrap\"><div class=\"heading-text el-text\" ><h3 class=\"h3 fontspace-781688 font-weight-500\" ><span>Investieren Sie in die nachhaltige Gestaltung vor Ort<\/span><\/h3><hr class=\"separator-break separator-accent\" \/><\/div><div class=\"clear\"><\/div><\/div><\/div><\/div><\/div><\/div><\/div><\/div><\/div><\/div><div class=\"vc_row row-internal row-container\"><div class=\"row unequal col-no-gutter row-child\" data-height=\"40\"><div class=\"wpb_row row-inner\"><div class=\"wpb_column pos-top pos-center align_left column_child col-lg-6 single-internal-gutter\"><div class=\"uncol style-light\" ><div class=\"uncoltable\"><div class=\"uncell triple-block-padding style-color-gyho-bg\" ><div class=\"uncont\" ><div class=\"animate_when_almost_visible zoom-out icon-box icon-box-top\" data-delay=\"200\"><div class=\"icon-box-icon fa-container\"><span class=\"text-accent-color btn-disable-hover\"><i class=\"fa fa-speech-bubble fa-3x fa-fw\"><\/i><\/span><\/div><div class=\"icon-box-content\"><div class=\"icon-box-heading icon-box-fa-3x\"><h4 class=\"fontsize-739966 font-weight-500\">Vortr\u00e4ge &amp; Workshops<\/h4><\/div><p><strong>Realisieren Sie einen Vortrag oder Workshop.<\/strong><\/p>\n<p>Im Rahmen von Vortr\u00e4gen oder Workshops laden wir einen Vertreter Ihres Unternehmens dazu ein, unserem studentischen Publikum Ihre Sichtweise auf nachhaltige Herausforderungen und innovative L\u00f6sungsans\u00e4tze zu pr\u00e4sentieren.<\/p>\n<\/div><\/div><\/div><\/div><\/div><\/div><\/div><div class=\"wpb_column pos-top pos-center align_left column_child col-lg-6 single-internal-gutter\"><div class=\"uncol style-light\" ><div class=\"uncoltable\"><div class=\"uncell triple-block-padding style-color-uydo-bg\" ><div class=\"uncont\" ><div class=\"animate_when_almost_visible zoom-out icon-box icon-box-top\" data-delay=\"400\"><div class=\"icon-box-icon fa-container\"><span class=\"text-accent-color btn-disable-hover\"><i class=\"fa fa-apartment fa-3x fa-fw\"><\/i><\/span><\/div><div class=\"icon-box-content\"><div class=\"icon-box-heading icon-box-fa-3x\"><h4 class=\"fontsize-739966 font-weight-500 fontheight-357766\">Projects<\/h4><\/div><p><strong>Unterst\u00fctzen Sie bei der Umsetzung eines Projekts.<\/strong><\/p>\n<p>Bei der Entwicklung und Umsetzung von nachhaltigen Innovationen im Rahmen unserer Projektarbeit sind wir auf lokale strategische Partner angewiesen &#8211; lassen Sie uns die Zukunft gemeinsam gestalten!<\/p>\n<\/div><\/div><\/div><\/div><\/div><\/div><\/div><\/div><\/div><\/div><\/div><\/div><\/div><\/div><\/div><div class=\"wpb_column pos-top pos-center align_left column_parent col-lg-6 tablet-hidden mobile-hidden single-internal-gutter\"><div class=\"uncol style-light\"  ><div class=\"uncoltable\"><div class=\"uncell single-block-padding\" ><div class=\"column-background background-element\">\n\t\t\t\t\t\t\t\t\t\t\t<div class=\"background-wrapper\">\n\t\t\t\t\t\t\t\t\t\t\t\t<div class=\"background-inner\" style=\"background-repeat: no-repeat;background-position: center center;background-size: cover;\"><\/div>\n\t\t\t\t\t\t\t\t\t\t\t\t\n\t\t\t\t\t\t\t\t\t\t\t<\/div>\n\t\t\t\t\t\t\t\t\t\t<\/div><div class=\"uncont\" ><\/div><\/div><\/div><\/div><\/div><script id=\"script-row-unique-1\" data-row=\"script-row-unique-1\" type=\"text\/javascript\" class=\"vc_controls\">UNCODE.initRow(document.getElementById(\"row-unique-1\"));<\/script><\/div><\/div><\/div><div data-parent=\"true\" class=\"vc_row row-container\" id=\"row-unique-2\"><div class=\"row-background background-element\">\n\t\t\t\t\t\t\t\t\t\t\t<div class=\"background-wrapper\">\n\t\t\t\t\t\t\t\t\t\t\t\t<div class=\"background-inner\" style=\"background-image: url(https:\/\/infinity-mannheim.de\/wp-content\/uploads\/2021\/05\/Unternehmen_2-scaled.jpg);background-repeat: no-repeat;background-position: center center;background-attachment: scroll;background-size: cover;\"><\/div>\n\t\t\t\t\t\t\t\t\t\t\t\t\n\t\t\t\t\t\t\t\t\t\t\t<\/div>\n\t\t\t\t\t\t\t\t\t\t<\/div><div class=\"row unequal col-no-gutter no-top-padding no-bottom-padding no-h-padding full-width row-parent\" data-height-ratio=\"40\"><div class=\"wpb_row row-inner\"><div class=\"wpb_column pos-top pos-center align_left column_parent col-lg-6 tablet-hidden mobile-hidden single-internal-gutter\"><div class=\"uncol style-light\"  ><div class=\"uncoltable\"><div class=\"uncell single-block-padding\" ><div class=\"column-background background-element\">\n\t\t\t\t\t\t\t\t\t\t\t<div class=\"background-wrapper\">\n\t\t\t\t\t\t\t\t\t\t\t\t<div class=\"background-inner\" style=\"background-repeat: no-repeat;background-position: center center;background-size: cover;\"><\/div>\n\t\t\t\t\t\t\t\t\t\t\t\t\n\t\t\t\t\t\t\t\t\t\t\t<\/div>\n\t\t\t\t\t\t\t\t\t\t<\/div><div class=\"uncont\" ><\/div><\/div><\/div><\/div><\/div><div class=\"wpb_column pos-top pos-center align_left column_parent col-lg-6 no-internal-gutter\"><div class=\"uncol style-light\"  ><div class=\"uncoltable\"><div class=\"uncell no-block-padding\" ><div class=\"uncont\" ><div class=\"vc_row style-color-lxmt-bg row-internal row-container\"><div class=\"row row-child\" data-height=\"25\"><div class=\"wpb_row row-inner\"><div class=\"wpb_column pos-top pos-center align_left column_child col-lg-12 single-internal-gutter\"><div class=\"uncol style-light\" ><div class=\"uncoltable\"><div class=\"uncell triple-block-padding\" ><div class=\"uncont\" ><div class=\"vc_custom_heading_wrap\"><div class=\"heading-text el-text\" ><h3 class=\"h3 fontspace-781688 font-weight-500\" ><span>Sichtbarkeit und Austausch\u00a0in einem wachsenden Netzwerk<\/span><\/h3><hr class=\"separator-break separator-accent\" \/><\/div><div class=\"clear\"><\/div><\/div><\/div><\/div><\/div><\/div><\/div><\/div><\/div><\/div><div class=\"vc_row row-internal row-container\"><div class=\"row unequal col-no-gutter row-child\" data-height=\"35\"><div class=\"wpb_row row-inner\"><div class=\"wpb_column pos-top pos-center align_left column_child col-lg-6 single-internal-gutter\"><div class=\"uncol style-light\" ><div class=\"uncoltable\"><div class=\"uncell triple-block-padding style-color-gyho-bg\" ><div class=\"uncont\" ><div class=\"animate_when_almost_visible zoom-out icon-box icon-box-top\" data-delay=\"200\"><div class=\"icon-box-icon fa-container\"><span class=\"text-accent-color btn-disable-hover\"><i class=\"fa fa-exchange fa-3x fa-fw\"><\/i><\/span><\/div><div class=\"icon-box-content\"><div class=\"icon-box-heading icon-box-fa-3x\"><h4 class=\"fontsize-739966 font-weight-500\">Visibility<\/h4><\/div><p><strong>Gewinnen Sie neue Perspektiven.<\/strong><\/p>\n<p>Unsere Regionalgruppen diskutieren die neuesten Entwicklungen im Bereich der \u00f6kologischen Nachhaltigkeit und setzen durch die Umsetzung von eigenen Innovationen auch Impulse f\u00fcr etablierte Akteure am Markt.<\/p>\n<\/div><\/div><\/div><\/div><\/div><\/div><\/div><div class=\"wpb_column pos-top pos-center align_left column_child col-lg-6 single-internal-gutter\"><div class=\"uncol style-light\" ><div class=\"uncoltable\"><div class=\"uncell triple-block-padding style-color-uydo-bg\" ><div class=\"uncont\" ><div class=\"animate_when_almost_visible zoom-out icon-box icon-box-top\" data-delay=\"400\"><div class=\"icon-box-icon fa-container\"><span class=\"text-accent-color btn-disable-hover\"><i class=\"fa fa-group-outline fa-3x fa-fw\"><\/i><\/span><\/div><div class=\"icon-box-content\"><div class=\"icon-box-heading icon-box-fa-3x\"><h4 class=\"fontsize-739966 font-weight-500\">Networking<\/h4><\/div><p><strong>Treffen Sie die Entscheider und Gestalter von Morgen.<\/strong><\/p>\n<p>Unsere Mitglieder begeistern ihre Generation daf\u00fcr, den gr\u00f6\u00dften \u00f6kologischen Herausforderungen mit Mut zu begegnen und eigene innovative L\u00f6sungsans\u00e4tze zu entwickeln. Lassen Sie sich vom Spirit dieser Initiative anstecken!<\/p>\n<\/div><\/div><\/div><\/div><\/div><\/div><\/div><\/div><\/div><\/div><\/div><\/div><\/div><\/div><\/div><script id=\"script-row-unique-2\" data-row=\"script-row-unique-2\" type=\"text\/javascript\" class=\"vc_controls\">UNCODE.initRow(document.getElementById(\"row-unique-2\"));<\/script><\/div><\/div><\/div><div data-parent=\"true\" class=\"vc_row row-container\" id=\"row-unique-3\"><div class=\"row col-no-gutter no-top-padding no-bottom-padding no-h-padding full-width row-parent\"><div class=\"wpb_row row-inner\"><script id=\"script-row-unique-3\" data-row=\"script-row-unique-3\" type=\"text\/javascript\" class=\"vc_controls\">UNCODE.initRow(document.getElementById(\"row-unique-3\"));<\/script><\/div><\/div><\/div><div data-parent=\"true\" class=\"vc_row row-container\" id=\"row-unique-4\"><div class=\"row limit-width row-parent\"><div class=\"wpb_row row-inner\"><div class=\"wpb_column pos-top pos-center align_center column_parent col-lg-12 single-internal-gutter\"><div class=\"uncol style-light\"  ><div class=\"uncoltable\"><div class=\"uncell no-block-padding\" ><div class=\"uncont\" ><span class=\"btn-container\" ><a role=\"button\"  href=\"https:\/\/infinity-mannheim.de\/en\/kontakt\/\" class=\"custom-link btn border-width-0 btn-accent btn-icon-left\">Melde dich bei uns<\/a><\/span><\/div><\/div><\/div><\/div><\/div><script id=\"script-row-unique-4\" data-row=\"script-row-unique-4\" type=\"text\/javascript\" class=\"vc_controls\">UNCODE.initRow(document.getElementById(\"row-unique-4\"));<\/script><\/div><\/div><\/div>\n<\/div>","protected":false},"excerpt":{"rendered":"UnternehmenWir gestalten eine nachhaltige Zukunft, Sie auch? Als strategischer Sparringspartner oder finanzieller F\u00f6rderer werden Sie Teil einer wachsenden Bewegung und [...]","protected":false},"author":1,"featured_media":0,"parent":0,"menu_order":0,"comment_status":"closed","ping_status":"closed","template":"","meta":{"footnotes":""},"class_list":["post-90","page","type-page","status-publish","hentry"],"yoast_head":"<!-- This site is optimized with the Yoast SEO plugin v27.4 - https:\/\/yoast.com\/product\/yoast-seo-wordpress\/ -->\n<title>Unternehmen - INFINITY Mannheim<\/title>\n<meta name=\"description\" content=\"Profitieren Sie als Partner von innovativen Projekten, Workshops und einem wachsenden Netzwerk und gestalten Sie mit uns eine bessere Zukunft!\" \/>\n<meta name=\"robots\" content=\"index, follow, max-snippet:-1, max-image-preview:large, max-video-preview:-1\" \/>\n<link rel=\"canonical\" href=\"https:\/\/infinity-mannheim.de\/en\/unternehmen\/\" \/>\n<meta property=\"og:locale\" content=\"en_GB\" \/>\n<meta property=\"og:type\" content=\"article\" \/>\n<meta property=\"og:title\" content=\"Unternehmen - INFINITY Mannheim\" \/>\n<meta property=\"og:description\" content=\"Profitieren Sie als Partner von innovativen Projekten, Workshops und einem wachsenden Netzwerk und gestalten Sie mit uns eine bessere Zukunft!\" \/>\n<meta property=\"og:url\" content=\"https:\/\/infinity-mannheim.de\/en\/unternehmen\/\" \/>\n<meta property=\"og:site_name\" content=\"INFINITY Mannheim\" \/>\n<meta property=\"article:modified_time\" content=\"2025-04-29T10:05:52+00:00\" \/>\n<meta property=\"og:image\" content=\"https:\/\/infinity-mannheim.de\/wp-content\/uploads\/2021\/09\/MicrosoftTeams-image.png\" \/>\n\t<meta property=\"og:image:width\" content=\"1000\" \/>\n\t<meta property=\"og:image:height\" content=\"1000\" \/>\n\t<meta property=\"og:image:type\" content=\"image\/png\" \/>\n<meta name=\"twitter:card\" content=\"summary_large_image\" \/>\n<meta name=\"twitter:label1\" content=\"Estimated reading time\" \/>\n\t<meta name=\"twitter:data1\" content=\"3 minutes\" \/>\n<script type=\"application\/ld+json\" class=\"yoast-schema-graph\">{\"@context\":\"https:\\\/\\\/schema.org\",\"@graph\":[{\"@type\":\"WebPage\",\"@id\":\"https:\\\/\\\/infinity-mannheim.de\\\/unternehmen\\\/\",\"url\":\"https:\\\/\\\/infinity-mannheim.de\\\/unternehmen\\\/\",\"name\":\"Unternehmen - INFINITY Mannheim\",\"isPartOf\":{\"@id\":\"https:\\\/\\\/infinity-mannheim.de\\\/#website\"},\"datePublished\":\"2021-05-09T10:43:29+00:00\",\"dateModified\":\"2025-04-29T10:05:52+00:00\",\"description\":\"Profitieren Sie als Partner von innovativen Projekten, Workshops und einem wachsenden Netzwerk und gestalten Sie mit uns eine bessere Zukunft!\",\"breadcrumb\":{\"@id\":\"https:\\\/\\\/infinity-mannheim.de\\\/unternehmen\\\/#breadcrumb\"},\"inLanguage\":\"en-GB\",\"potentialAction\":[{\"@type\":\"ReadAction\",\"target\":[\"https:\\\/\\\/infinity-mannheim.de\\\/unternehmen\\\/\"]}]},{\"@type\":\"BreadcrumbList\",\"@id\":\"https:\\\/\\\/infinity-mannheim.de\\\/unternehmen\\\/#breadcrumb\",\"itemListElement\":[{\"@type\":\"ListItem\",\"position\":1,\"name\":\"Startseite\",\"item\":\"https:\\\/\\\/infinity-mannheim.de\\\/\"},{\"@type\":\"ListItem\",\"position\":2,\"name\":\"Unternehmen\"}]},{\"@type\":\"WebSite\",\"@id\":\"https:\\\/\\\/infinity-mannheim.de\\\/#website\",\"url\":\"https:\\\/\\\/infinity-mannheim.de\\\/\",\"name\":\"INFINITY Mannheim\",\"description\":\"Mannheim Studierendeninitiative f\u00fcr Social Entrepreneurship\",\"publisher\":{\"@id\":\"https:\\\/\\\/infinity-mannheim.de\\\/#organization\"},\"potentialAction\":[{\"@type\":\"SearchAction\",\"target\":{\"@type\":\"EntryPoint\",\"urlTemplate\":\"https:\\\/\\\/infinity-mannheim.de\\\/?s={search_term_string}\"},\"query-input\":{\"@type\":\"PropertyValueSpecification\",\"valueRequired\":true,\"valueName\":\"search_term_string\"}}],\"inLanguage\":\"en-GB\"},{\"@type\":\"Organization\",\"@id\":\"https:\\\/\\\/infinity-mannheim.de\\\/#organization\",\"name\":\"INFINITY Mannheim e.V.\",\"url\":\"https:\\\/\\\/infinity-mannheim.de\\\/\",\"logo\":{\"@type\":\"ImageObject\",\"inLanguage\":\"en-GB\",\"@id\":\"https:\\\/\\\/infinity-mannheim.de\\\/#\\\/schema\\\/logo\\\/image\\\/\",\"url\":\"https:\\\/\\\/infinity-mannheim.de\\\/wp-content\\\/uploads\\\/2021\\\/09\\\/Franziska-Jahn.png\",\"contentUrl\":\"https:\\\/\\\/infinity-mannheim.de\\\/wp-content\\\/uploads\\\/2021\\\/09\\\/Franziska-Jahn.png\",\"width\":1000,\"height\":1000,\"caption\":\"INFINITY Mannheim e.V.\"},\"image\":{\"@id\":\"https:\\\/\\\/infinity-mannheim.de\\\/#\\\/schema\\\/logo\\\/image\\\/\"},\"sameAs\":[\"https:\\\/\\\/www.instagram.com\\\/infinity_mannheim\\\/\",\"https:\\\/\\\/www.linkedin.com\\\/company\\\/infinity-mannheim-e-v-\\\/\"]}]}<\/script>\n<!-- \/ Yoast SEO plugin. -->","yoast_head_json":{"title":"Unternehmen - INFINITY Mannheim","description":"Profitieren Sie als Partner von innovativen Projekten, Workshops und einem wachsenden Netzwerk und gestalten Sie mit uns eine bessere Zukunft!","robots":{"index":"index","follow":"follow","max-snippet":"max-snippet:-1","max-image-preview":"max-image-preview:large","max-video-preview":"max-video-preview:-1"},"canonical":"https:\/\/infinity-mannheim.de\/en\/unternehmen\/","og_locale":"en_GB","og_type":"article","og_title":"Unternehmen - INFINITY Mannheim","og_description":"Profitieren Sie als Partner von innovativen Projekten, Workshops und einem wachsenden Netzwerk und gestalten Sie mit uns eine bessere Zukunft!","og_url":"https:\/\/infinity-mannheim.de\/en\/unternehmen\/","og_site_name":"INFINITY Mannheim","article_modified_time":"2025-04-29T10:05:52+00:00","og_image":[{"width":1000,"height":1000,"url":"https:\/\/infinity-mannheim.de\/wp-content\/uploads\/2021\/09\/MicrosoftTeams-image.png","type":"image\/png"}],"twitter_card":"summary_large_image","twitter_misc":{"Estimated reading time":"3 minutes"},"schema":{"@context":"https:\/\/schema.org","@graph":[{"@type":"WebPage","@id":"https:\/\/infinity-mannheim.de\/unternehmen\/","url":"https:\/\/infinity-mannheim.de\/unternehmen\/","name":"Unternehmen - INFINITY Mannheim","isPartOf":{"@id":"https:\/\/infinity-mannheim.de\/#website"},"datePublished":"2021-05-09T10:43:29+00:00","dateModified":"2025-04-29T10:05:52+00:00","description":"Profitieren Sie als Partner von innovativen Projekten, Workshops und einem wachsenden Netzwerk und gestalten Sie mit uns eine bessere Zukunft!","breadcrumb":{"@id":"https:\/\/infinity-mannheim.de\/unternehmen\/#breadcrumb"},"inLanguage":"en-GB","potentialAction":[{"@type":"ReadAction","target":["https:\/\/infinity-mannheim.de\/unternehmen\/"]}]},{"@type":"BreadcrumbList","@id":"https:\/\/infinity-mannheim.de\/unternehmen\/#breadcrumb","itemListElement":[{"@type":"ListItem","position":1,"name":"Startseite","item":"https:\/\/infinity-mannheim.de\/"},{"@type":"ListItem","position":2,"name":"Unternehmen"}]},{"@type":"WebSite","@id":"https:\/\/infinity-mannheim.de\/#website","url":"https:\/\/infinity-mannheim.de\/","name":"INFINITY Mannheim","description":"Mannheim Studierendeninitiative f\u00fcr Social Entrepreneurship","publisher":{"@id":"https:\/\/infinity-mannheim.de\/#organization"},"potentialAction":[{"@type":"SearchAction","target":{"@type":"EntryPoint","urlTemplate":"https:\/\/infinity-mannheim.de\/?s={search_term_string}"},"query-input":{"@type":"PropertyValueSpecification","valueRequired":true,"valueName":"search_term_string"}}],"inLanguage":"en-GB"},{"@type":"Organization","@id":"https:\/\/infinity-mannheim.de\/#organization","name":"INFINITY Mannheim e.V.","url":"https:\/\/infinity-mannheim.de\/","logo":{"@type":"ImageObject","inLanguage":"en-GB","@id":"https:\/\/infinity-mannheim.de\/#\/schema\/logo\/image\/","url":"https:\/\/infinity-mannheim.de\/wp-content\/uploads\/2021\/09\/Franziska-Jahn.png","contentUrl":"https:\/\/infinity-mannheim.de\/wp-content\/uploads\/2021\/09\/Franziska-Jahn.png","width":1000,"height":1000,"caption":"INFINITY Mannheim e.V."},"image":{"@id":"https:\/\/infinity-mannheim.de\/#\/schema\/logo\/image\/"},"sameAs":["https:\/\/www.instagram.com\/infinity_mannheim\/","https:\/\/www.linkedin.com\/company\/infinity-mannheim-e-v-\/"]}]}},"jetpack_sharing_enabled":true,"_links":{"self":[{"href":"https:\/\/infinity-mannheim.de\/en\/wp-json\/wp\/v2\/pages\/90","targetHints":{"allow":["GET"]}}],"collection":[{"href":"https:\/\/infinity-mannheim.de\/en\/wp-json\/wp\/v2\/pages"}],"about":[{"href":"https:\/\/infinity-mannheim.de\/en\/wp-json\/wp\/v2\/types\/page"}],"author":[{"embeddable":true,"href":"https:\/\/infinity-mannheim.de\/en\/wp-json\/wp\/v2\/users\/1"}],"replies":[{"embeddable":true,"href":"https:\/\/infinity-mannheim.de\/en\/wp-json\/wp\/v2\/comments?post=90"}],"version-history":[{"count":10,"href":"https:\/\/infinity-mannheim.de\/en\/wp-json\/wp\/v2\/pages\/90\/revisions"}],"predecessor-version":[{"id":86346,"href":"https:\/\/infinity-mannheim.de\/en\/wp-json\/wp\/v2\/pages\/90\/revisions\/86346"}],"wp:attachment":[{"href":"https:\/\/infinity-mannheim.de\/en\/wp-json\/wp\/v2\/media?parent=90"}],"curies":[{"name":"wp","href":"https:\/\/api.w.org\/{rel}","templated":true}]}}